{"id":965,"date":"2024-07-18T15:29:57","date_gmt":"2024-07-18T13:29:57","guid":{"rendered":"https:\/\/w24.kaschier.de\/?page_id=965"},"modified":"2024-12-10T15:23:00","modified_gmt":"2024-12-10T14:23:00","slug":"flexiwarm","status":"publish","type":"page","link":"https:\/\/www.kaschier.de\/en\/flexiwarm\/","title":{"rendered":"FLEXIWARM"},"content":{"rendered":"<p>[et_pb_section fb_built=&#8220;1&#8243; fullwidth=&#8220;on&#8220; _builder_version=&#8220;4.16&#8243; _module_preset=&#8220;default&#8220; global_colors_info=&#8220;{}&#8220;][et_pb_fullwidth_slider show_arrows=&#8220;off&#8220; show_pagination=&#8220;off&#8220; use_bg_overlay=&#8220;on&#8220; bg_overlay_color=&#8220;rgba(114,125,129,0.4)&#8220; use_text_overlay=&#8220;off&#8220; _builder_version=&#8220;4.27.0&#8243; _module_preset=&#8220;default&#8220; header_font=&#8220;||||||||&#8220; custom_button=&#8220;on&#8220; button_text_size=&#8220;28px&#8220; button_border_width=&#8220;0px&#8220; button_border_color=&#8220;RGBA(0,0,0,0)&#8220; button_border_radius=&#8220;0px&#8220; button_font=&#8220;|600|||||||&#8220; button_icon=&#8220;%%36%%&#8220; button_icon_color=&#8220;#A21F36&#8243; button_icon_placement=&#8220;left&#8220; button_on_hover=&#8220;off&#8220; button_alignment=&#8220;right&#8220; button_custom_margin=&#8220;|0px|||false|false&#8220; button_custom_padding=&#8220;|0px|||false|false&#8220; content_width=&#8220;100%&#8220; height=&#8220;640px&#8220; height_tablet=&#8220;360px&#8220; height_phone=&#8220;225px&#8220; height_last_edited=&#8220;on|tablet&#8220; custom_margin=&#8220;||||false|false&#8220; custom_padding=&#8220;||||false|false&#8220; border_style_all_image=&#8220;none&#8220; global_colors_info=&#8220;{}&#8220;][et_pb_slide heading=&#8220;FlexiWarm\u00ae &#8211; Heizsysteme f\u00fcr Industrie und Automobil&#8220; use_bg_overlay=&#8220;off&#8220; use_text_overlay=&#8220;on&#8220; text_overlay_color=&#8220;rgba(162,31,54,0.7)&#8220; _builder_version=&#8220;4.27.0&#8243; _module_preset=&#8220;default&#8220; header_level=&#8220;h1&#8243; header_font=&#8220;|600|||||||&#8220; header_text_align=&#8220;right&#8220; header_font_size=&#8220;48px&#8220; body_font=&#8220;||||||||&#8220; body_text_align=&#8220;right&#8220; body_font_size=&#8220;72px&#8220; body_line_height=&#8220;1.1em&#8220; background_color=&#8220;RGBA(0,0,0,0)&#8220; background_enable_color=&#8220;on&#8220; background_image=&#8220;https:\/\/www.kaschier.de\/wp-content\/uploads\/2024\/08\/header_flexiwarm.jpg&#8220; background_enable_image=&#8220;on&#8220; text_orientation=&#8220;right&#8220; width=&#8220;100%&#8220; width_tablet=&#8220;100%&#8220; width_phone=&#8220;100%&#8220; width_last_edited=&#8220;on|phone&#8220; max_width=&#8220;100%&#8220; custom_padding=&#8220;25%|10%||40%|false|false&#8220; custom_padding_tablet=&#8220;|0px|||false|false&#8220; custom_padding_phone=&#8220;35%|0px||0px|false|true&#8220; custom_padding_last_edited=&#8220;on|desktop&#8220; header_font_size_tablet=&#8220;32px&#8220; header_font_size_phone=&#8220;24px&#8220; header_font_size_last_edited=&#8220;on|phone&#8220; global_colors_info=&#8220;{}&#8220; width__hover_enabled=&#8220;on|desktop&#8220; width__hover=&#8220;80%&#8220; sticky_transition=&#8220;on&#8220;][\/et_pb_slide][\/et_pb_fullwidth_slider][\/et_pb_section][et_pb_section fb_built=&#8220;1&#8243; _builder_version=&#8220;4.16&#8243; _module_preset=&#8220;default&#8220; custom_padding=&#8220;||8px|||&#8220; global_colors_info=&#8220;{}&#8220;][et_pb_row _builder_version=&#8220;4.16&#8243; _module_preset=&#8220;default&#8220; animation_style=&#8220;slide&#8220; animation_direction=&#8220;bottom&#8220; animation_duration=&#8220;1250ms&#8220; animation_intensity_slide=&#8220;20%&#8220; global_colors_info=&#8220;{}&#8220;][et_pb_column type=&#8220;4_4&#8243; _builder_version=&#8220;4.16&#8243; _module_preset=&#8220;default&#8220; global_colors_info=&#8220;{}&#8220;][et_pb_text _builder_version=&#8220;4.27.0&#8243; _module_preset=&#8220;default&#8220; header_text_color=&#8220;#727D81&#8243; global_colors_info=&#8220;{}&#8220;]<\/p>\n<h1 class=\"p1\">FlexiWarm\u00ae \u2013 individuelle Heizl\u00f6sungen der Zukunft mit vielf\u00e4ltigen Einsatzm\u00f6glichkeiten<\/h1>\n<p>[\/et_pb_text][et_pb_text _builder_version=&#8220;4.27.0&#8243; _module_preset=&#8220;default&#8220; global_colors_info=&#8220;{}&#8220;]<\/p>\n<p>Die stetig steigenden Anforderungen an energieeffiziente Heizl\u00f6sungen in \u00fcbergreifenden Branchen wie beispielsweise im Wohnungsbau, im Automobil, in der Luft- und Raumfahrt und in dem Transportwesen machen ma\u00dfgeschneiderte, schnelle und langzeitstabile FlexiWarm\u00ae-Produktl\u00f6sungen unabdingbar. Die leitf\u00e4hige FlexiWarm\u00ae-Folie l\u00e4sst sich individuell konfigurieren und entsprechend unseren Kundenanforderungen auslegen. Anwendungsbeispiele sind: Streulichtblendenheizungen zur Enteisung von Fahrerassistenzsystemen, Komfort-Fl\u00e4chenheizungen von Interieur-Bauteilen wie beispielsweise Armauflagen von Mittelkonsolen und T\u00fcrverkleidungen. Auch das k\u00f6rpernahe Heizen der Fahrzeuginsassen im Bereich der Elektromobilit\u00e4t, wo fehlende Abw\u00e4rme des Verbrennungsmotors neue Herausforderungen mit sich bringt, bietet FlexiWarm\u00ae eine robuste und effiziente L\u00f6sung. Elektrische Fu\u00dfboden-, Wand- und Deckenheizungen gewinnen durch die Energiewende stetig an Bedeutung. FlexiWarm\u00ae bietet hier eine Vielzahl an M\u00f6glichkeiten in der Umsetzung.<\/p>\n<p>[\/et_pb_text][\/et_pb_column][\/et_pb_row][et_pb_row _builder_version=&#8220;4.16&#8243; _module_preset=&#8220;default&#8220; custom_margin=&#8220;||||true|false&#8220; custom_padding=&#8220;0px||0px||true|false&#8220; global_colors_info=&#8220;{}&#8220;][et_pb_column type=&#8220;4_4&#8243; _builder_version=&#8220;4.16&#8243; _module_preset=&#8220;default&#8220; global_colors_info=&#8220;{}&#8220;][et_pb_divider color=&#8220;#727D81&#8243; divider_position=&#8220;center&#8220; _builder_version=&#8220;4.16&#8243; _module_preset=&#8220;default&#8220; global_colors_info=&#8220;{}&#8220;][\/et_pb_divider][\/et_pb_column][\/et_pb_row][et_pb_row column_structure=&#8220;1_2,1_2&#8243; _builder_version=&#8220;4.16&#8243; _module_preset=&#8220;default&#8220; custom_padding=&#8220;||29px||false|false&#8220; animation_style=&#8220;slide&#8220; animation_direction=&#8220;bottom&#8220; animation_duration=&#8220;1250ms&#8220; animation_delay=&#8220;250ms&#8220; animation_intensity_slide=&#8220;20%&#8220; locked=&#8220;off&#8220; global_colors_info=&#8220;{}&#8220;][et_pb_column type=&#8220;1_2&#8243; _builder_version=&#8220;4.16&#8243; _module_preset=&#8220;default&#8220; global_colors_info=&#8220;{}&#8220;][et_pb_image src=&#8220;https:\/\/www.kaschier.de\/wp-content\/uploads\/2024\/12\/KL_markenlogo_flexiwarm.jpg&#8220; title_text=&#8220;KL_markenlogo_flexiwarm&#8220; _builder_version=&#8220;4.27.4&#8243; _module_preset=&#8220;default&#8220; max_width=&#8220;78%&#8220; height=&#8220;30px&#8220; hover_enabled=&#8220;0&#8243; global_colors_info=&#8220;{}&#8220; sticky_enabled=&#8220;0&#8243;][\/et_pb_image][et_pb_text _builder_version=&#8220;4.27.0&#8243; _module_preset=&#8220;default&#8220; text_font_size=&#8220;16px&#8220; global_colors_info=&#8220;{}&#8220;]<\/p>\n<p>Die FlexiWarm\u00ae-Folie funktioniert als ohmscher Widerstand und kann als vollfl\u00e4chige Heizfolie genutzt werden. Es sind unterschiedliche Fl\u00e4chenheizleistungen umsetzbar, die analog den kundenspezifischen, technischen Anforderungen ausgew\u00e4hlt werden k\u00f6nnen. Wir haben \u00fcberdies nicht rein die Heizung im Blick, durch unser Know-how im Bereich von Kaschierungen und Verbunden, k\u00f6nnen Weiterverarbeitungs- und\/ oder Veredelungsprozesse direkt mitbetrachtet und entwickelt werden.<\/p>\n<p>Die wesentlichen Eigenschaften der Folie sind: extrem d\u00fcnn, flexibel, schnelles und homogenes Aufheizen, keine Hotspot-Bereiche. Der Integrationsf\u00e4higkeit in der Weiterverbreitung sind nahezu keine Grenzen gesetzt und eine Temperaturregelung durch verschiedene Sensoren z\u00e4hlt zu unserem t\u00e4glichen Business. Die K.L. entwickelt und produziert einbaufertige Komponenten (z.B. Kabelbaum, Sensoren, Stecker-Verbindungen). Auch eine Prozessintegration durch die hohe Flexibilit\u00e4t von FlexiWarm\u00ae ist m\u00f6glich: Hintersch\u00e4umen, Faserverpressen, Schneiden, Lochen, N\u00e4hen oder zum Beispiel Integration in den Kunststoffspritzguss.<\/p>\n<p>[\/et_pb_text][\/et_pb_column][et_pb_column type=&#8220;1_2&#8243; _builder_version=&#8220;4.16&#8243; _module_preset=&#8220;default&#8220; global_colors_info=&#8220;{}&#8220;][et_pb_image src=&#8220;https:\/\/www.kaschier.de\/wp-content\/uploads\/2024\/08\/flexiwarm_1.jpg&#8220; title_text=&#8220;flexiwarm_1&#8243; _builder_version=&#8220;4.27.0&#8243; _module_preset=&#8220;default&#8220; global_colors_info=&#8220;{}&#8220;][\/et_pb_image][et_pb_text _builder_version=&#8220;4.27.0&#8243; _module_preset=&#8220;default&#8220; text_font_size=&#8220;16px&#8220; global_colors_info=&#8220;{}&#8220;]<\/p>\n<p>Je nach Kundenbedarf haben wir die M\u00f6glichkeit Gro\u00dfserien in hochautomatisierten Anlagen zu produzieren. Aber auch Kleinserien sind mit teilautomatisierten Prozessen oder in unserer hauseigenen Manufaktur umsetzbar. Dazu gern im pers\u00f6nlichen Gespr\u00e4ch mehr.<\/p>\n<p>[\/et_pb_text][\/et_pb_column][\/et_pb_row][et_pb_row _builder_version=&#8220;4.16&#8243; _module_preset=&#8220;default&#8220; custom_margin=&#8220;||||true|false&#8220; custom_padding=&#8220;0px||0px||true|false&#8220; locked=&#8220;off&#8220; global_colors_info=&#8220;{}&#8220;][et_pb_column type=&#8220;4_4&#8243; _builder_version=&#8220;4.16&#8243; _module_preset=&#8220;default&#8220; global_colors_info=&#8220;{}&#8220;][et_pb_divider color=&#8220;#727D81&#8243; divider_position=&#8220;center&#8220; _builder_version=&#8220;4.16&#8243; _module_preset=&#8220;default&#8220; global_colors_info=&#8220;{}&#8220;][\/et_pb_divider][\/et_pb_column][\/et_pb_row][\/et_pb_section][et_pb_section fb_built=&#8220;1&#8243; _builder_version=&#8220;4.16&#8243; _module_preset=&#8220;default&#8220; custom_padding=&#8220;0px|||||&#8220; global_colors_info=&#8220;{}&#8220;][et_pb_row _builder_version=&#8220;4.16&#8243; _module_preset=&#8220;default&#8220; custom_padding=&#8220;11px||0px||false|false&#8220; animation_style=&#8220;slide&#8220; animation_direction=&#8220;bottom&#8220; animation_duration=&#8220;1250ms&#8220; animation_delay=&#8220;200ms&#8220; animation_intensity_slide=&#8220;20%&#8220; global_colors_info=&#8220;{}&#8220;][et_pb_column type=&#8220;4_4&#8243; _builder_version=&#8220;4.16&#8243; _module_preset=&#8220;default&#8220; global_colors_info=&#8220;{}&#8220;][et_pb_text _builder_version=&#8220;4.25.1&#8243; _module_preset=&#8220;default&#8220; locked=&#8220;off&#8220; global_colors_info=&#8220;{}&#8220;]<\/p>\n<h2 class=\"p1\">Ihre Ansprechpartner FlexiWarm\u00ae<\/h2>\n<p>[\/et_pb_text][\/et_pb_column][\/et_pb_row][et_pb_row column_structure=&#8220;1_4,1_4,1_4,1_4&#8243; use_custom_gutter=&#8220;on&#8220; gutter_width=&#8220;1&#8243; _builder_version=&#8220;4.27.0&#8243; _module_preset=&#8220;default&#8220; module_alignment=&#8220;center&#8220; custom_margin=&#8220;|||||true&#8220; animation_style=&#8220;slide&#8220; animation_direction=&#8220;bottom&#8220; animation_duration=&#8220;1150ms&#8220; animation_delay=&#8220;250ms&#8220; animation_intensity_slide=&#8220;19%&#8220; global_colors_info=&#8220;{}&#8220;][et_pb_column type=&#8220;1_4&#8243; _builder_version=&#8220;4.16&#8243; _module_preset=&#8220;default&#8220; global_colors_info=&#8220;{}&#8220;][et_pb_text _builder_version=&#8220;4.27.0&#8243; _module_preset=&#8220;default&#8220; text_font_size=&#8220;16px&#8220; width=&#8220;100%&#8220; custom_margin=&#8220;|0px||0px|false|true&#8220; custom_padding=&#8220;|0px||0px|false|true&#8220; locked=&#8220;off&#8220; global_colors_info=&#8220;{}&#8220;]<\/p>\n<p class=\"p1\"><strong>Eva Martin<\/strong><br \/>(Bereichsleitung)<\/p>\n<p class=\"p1\">Tel.:\u00a0\u00a0\u00a0\u00a0 +49(0)5924-29-937-86<br \/>Mobil:\u00a0 +49(0)172-675-39-66<br \/>eMail:\u00a0 <a href=\"mailto:martin@kaschier.de\">martin@kaschier.de<\/a><\/p>\n<p>[\/et_pb_text][\/et_pb_column][et_pb_column type=&#8220;1_4&#8243; _builder_version=&#8220;4.27.0&#8243; _module_preset=&#8220;default&#8220; global_colors_info=&#8220;{}&#8220;][et_pb_text _builder_version=&#8220;4.27.0&#8243; _module_preset=&#8220;default&#8220; text_font_size=&#8220;16px&#8220; width=&#8220;100%&#8220; custom_margin=&#8220;|0px||0px|false|true&#8220; custom_padding=&#8220;|0px||0px|false|true&#8220; locked=&#8220;off&#8220; global_colors_info=&#8220;{}&#8220;]<\/p>\n<p class=\"p1\"><strong>Dennis Sch\u00fcring<\/strong><br \/>(Produktmanager)<\/p>\n<p class=\"p1\">Tel.:\u00a0\u00a0\u00a0\u00a0 +49(0)5924-29-937-90<br \/>Mobil:\u00a0 +49(0)162-748-07-89<br \/>eMail:\u00a0 <a href=\"mailto:schuering@kaschier.de\">schuering@kaschier.de<\/a><\/p>\n<p>[\/et_pb_text][\/et_pb_column][et_pb_column type=&#8220;1_4&#8243; _builder_version=&#8220;4.27.0&#8243; _module_preset=&#8220;default&#8220; global_colors_info=&#8220;{}&#8220;][et_pb_text _builder_version=&#8220;4.27.0&#8243; _module_preset=&#8220;default&#8220; text_font_size=&#8220;16px&#8220; width=&#8220;100%&#8220; custom_margin=&#8220;|0px||0px|false|true&#8220; custom_padding=&#8220;|0px||0px|false|true&#8220; locked=&#8220;off&#8220; global_colors_info=&#8220;{}&#8220;]<\/p>\n<p class=\"p1\"><strong>Linda Colonna<\/strong><br \/>(Produktmanagerin)<\/p>\n<p class=\"p1\">Tel.:\u00a0\u00a0\u00a0\u00a0 +49(0)5924-29-937-0<br \/>Mobil:\u00a0 +49(0)173-368-51-27<br \/>eMail:\u00a0 <a href=\"mailto:colonna@kaschier.de\">colonna@kaschier.de<\/a><\/p>\n<p>[\/et_pb_text][\/et_pb_column][et_pb_column type=&#8220;1_4&#8243; _builder_version=&#8220;4.25.1&#8243; _module_preset=&#8220;default&#8220; global_colors_info=&#8220;{}&#8220;][et_pb_text _builder_version=&#8220;4.27.0&#8243; _module_preset=&#8220;default&#8220; text_font_size=&#8220;16px&#8220; width=&#8220;100%&#8220; custom_margin=&#8220;|0px||0px|false|true&#8220; custom_padding=&#8220;|0px||0px|false|true&#8220; locked=&#8220;off&#8220; global_colors_info=&#8220;{}&#8220;]<\/p>\n<p class=\"p1\"><strong>Rita Shaheen<\/strong><br \/>(Produktmanagerin)<\/p>\n<p class=\"p1\">Tel.:\u00a0\u00a0\u00a0\u00a0 +49(0)5924-29-937-102<br \/>Mobil:\u00a0 +49(0)172-698-71-27<br \/>eMail:\u00a0 <a href=\"mailto:shaheen@kaschier.de\">shaheen@kaschier.de<\/a><\/p>\n<p>[\/et_pb_text][\/et_pb_column][\/et_pb_row][\/et_pb_section]<\/p>\n","protected":false},"excerpt":{"rendered":"<p>FlexiWarm\u00ae \u2013 individuelle Heizl\u00f6sungen der Zukunft mit vielf\u00e4ltigen Einsatzm\u00f6glichkeitenDie stetig steigenden Anforderungen an energieeffiziente Heizl\u00f6sungen in \u00fcbergreifenden Branchen wie beispielsweise im Wohnungsbau, im Automobil, in der Luft- und Raumfahrt und in dem Transportwesen machen ma\u00dfgeschneiderte, schnelle und langzeitstabile FlexiWarm\u00ae-Produktl\u00f6sungen unabdingbar. Die leitf\u00e4hige FlexiWarm\u00ae-Folie l\u00e4sst sich individuell konfigurieren und entsprechend unseren Kundenanforderungen auslegen. Anwendungsbeispiele sind: Streulichtblendenheizungen [&hellip;]<\/p>\n","protected":false},"author":1,"featured_media":0,"parent":0,"menu_order":0,"comment_status":"closed","ping_status":"closed","template":"","meta":{"_et_pb_use_builder":"on","_et_pb_old_content":"","_et_gb_content_width":"","footnotes":""},"class_list":["post-965","page","type-page","status-publish","hentry"],"_links":{"self":[{"href":"https:\/\/www.kaschier.de\/en\/wp-json\/wp\/v2\/pages\/965","targetHints":{"allow":["GET"]}}],"collection":[{"href":"https:\/\/www.kaschier.de\/en\/wp-json\/wp\/v2\/pages"}],"about":[{"href":"https:\/\/www.kaschier.de\/en\/wp-json\/wp\/v2\/types\/page"}],"author":[{"embeddable":true,"href":"https:\/\/www.kaschier.de\/en\/wp-json\/wp\/v2\/users\/1"}],"replies":[{"embeddable":true,"href":"https:\/\/www.kaschier.de\/en\/wp-json\/wp\/v2\/comments?post=965"}],"version-history":[{"count":22,"href":"https:\/\/www.kaschier.de\/en\/wp-json\/wp\/v2\/pages\/965\/revisions"}],"predecessor-version":[{"id":1222,"href":"https:\/\/www.kaschier.de\/en\/wp-json\/wp\/v2\/pages\/965\/revisions\/1222"}],"wp:attachment":[{"href":"https:\/\/www.kaschier.de\/en\/wp-json\/wp\/v2\/media?parent=965"}],"curies":[{"name":"wp","href":"https:\/\/api.w.org\/{rel}","templated":true}]}}