{"id":52,"date":"2021-07-08T13:13:43","date_gmt":"2021-07-08T11:13:43","guid":{"rendered":"http:\/\/kl.maerz-kommunikation.de\/?page_id=52"},"modified":"2024-12-10T15:23:58","modified_gmt":"2024-12-10T14:23:58","slug":"hygiene","status":"publish","type":"page","link":"https:\/\/www.kaschier.de\/en\/hygiene\/","title":{"rendered":"PERSONAL CARE"},"content":{"rendered":"<p>[et_pb_section fb_built=&#8220;1&#8243; fullwidth=&#8220;on&#8220; _builder_version=&#8220;4.16&#8243; _module_preset=&#8220;default&#8220; global_colors_info=&#8220;{}&#8220;][et_pb_fullwidth_slider show_arrows=&#8220;off&#8220; show_pagination=&#8220;off&#8220; use_bg_overlay=&#8220;on&#8220; bg_overlay_color=&#8220;rgba(114,125,129,0.4)&#8220; use_text_overlay=&#8220;off&#8220; _builder_version=&#8220;4.25.1&#8243; _module_preset=&#8220;default&#8220; custom_button=&#8220;on&#8220; button_text_size=&#8220;28px&#8220; button_border_width=&#8220;0px&#8220; button_border_color=&#8220;RGBA(0,0,0,0)&#8220; button_border_radius=&#8220;0px&#8220; button_font=&#8220;|600|||||||&#8220; button_icon=&#8220;%%36%%&#8220; button_icon_color=&#8220;#A21F36&#8243; button_icon_placement=&#8220;left&#8220; button_on_hover=&#8220;off&#8220; button_alignment=&#8220;right&#8220; button_custom_margin=&#8220;|0px|||false|false&#8220; button_custom_padding=&#8220;|0px|||false|false&#8220; content_width=&#8220;100%&#8220; height=&#8220;640px&#8220; height_tablet=&#8220;360px&#8220; height_phone=&#8220;225px&#8220; height_last_edited=&#8220;on|tablet&#8220; custom_margin=&#8220;||||false|false&#8220; custom_padding=&#8220;||||false|false&#8220; border_style_all_image=&#8220;none&#8220; global_colors_info=&#8220;{}&#8220;][et_pb_slide heading=&#8220;Produktentwicklung Accordion\u00ae&#8220; use_bg_overlay=&#8220;off&#8220; use_text_overlay=&#8220;on&#8220; text_overlay_color=&#8220;rgba(162,31,54,0.7)&#8220; _builder_version=&#8220;4.25.1&#8243; _module_preset=&#8220;default&#8220; header_level=&#8220;h1&#8243; header_font=&#8220;|600|||||||&#8220; header_font_size=&#8220;48px&#8220; body_font=&#8220;||||||||&#8220; body_text_align=&#8220;right&#8220; body_font_size=&#8220;72px&#8220; body_line_height=&#8220;1.1em&#8220; background_color=&#8220;RGBA(0,0,0,0)&#8220; background_enable_color=&#8220;on&#8220; background_image=&#8220;https:\/\/www.kaschier.de\/wp-content\/uploads\/2024\/07\/header_personal_care.jpg&#8220; background_enable_image=&#8220;on&#8220; text_orientation=&#8220;right&#8220; width=&#8220;100%&#8220; width_tablet=&#8220;100%&#8220; width_phone=&#8220;100%&#8220; width_last_edited=&#8220;on|phone&#8220; max_width=&#8220;100%&#8220; custom_padding=&#8220;25%|10%||40%|false|false&#8220; custom_padding_tablet=&#8220;|0px|||false|false&#8220; custom_padding_phone=&#8220;35%|0%||0%|false|true&#8220; custom_padding_last_edited=&#8220;on|desktop&#8220; header_font_size_tablet=&#8220;32px&#8220; header_font_size_phone=&#8220;24px&#8220; header_font_size_last_edited=&#8220;on|tablet&#8220; global_colors_info=&#8220;{}&#8220; sticky_transition=&#8220;on&#8220;][\/et_pb_slide][\/et_pb_fullwidth_slider][\/et_pb_section][et_pb_section fb_built=&#8220;1&#8243; _builder_version=&#8220;4.16&#8243; _module_preset=&#8220;default&#8220; global_colors_info=&#8220;{}&#8220;][et_pb_row _builder_version=&#8220;4.16&#8243; _module_preset=&#8220;default&#8220; animation_style=&#8220;slide&#8220; animation_direction=&#8220;bottom&#8220; animation_duration=&#8220;1250ms&#8220; animation_intensity_slide=&#8220;20%&#8220; global_colors_info=&#8220;{}&#8220;][et_pb_column type=&#8220;4_4&#8243; _builder_version=&#8220;4.16&#8243; _module_preset=&#8220;default&#8220; global_colors_info=&#8220;{}&#8220;][et_pb_text _builder_version=&#8220;4.25.1&#8243; _module_preset=&#8220;default&#8220; header_text_color=&#8220;#727D81&#8243; global_colors_info=&#8220;{}&#8220;]<\/p>\n<h1 class=\"p1\">Neupositionierung der K.L. im Personal-Care-Bereich<\/h1>\n<p>[\/et_pb_text][et_pb_text _builder_version=&#8220;4.16&#8243; _module_preset=&#8220;default&#8220; global_colors_info=&#8220;{}&#8220;]<\/p>\n<p>Vliesstoffe und thermoplastische Folien sind die Ausgangsmaterialien aus denen wir bei K.L. unsere Funktionslaminate klebstofffrei zusammenf\u00fcgen. Dabei legen wir gro\u00dfen Wert auf einen abfallfreien Produktionsprozess. S\u00e4mtlich anfallende Rohmaterial- und Produktreste werden sortenrein gesammelt und rezykliert. Wir fertigen unsere innovativen Verbundstoffe Ressourcen schonend und emissionsfrei. F\u00fcr Medical Kunden konfektionieren wir Bahnen Ware f\u00fcr sterile Verpackungsl\u00f6sungen.<\/p>\n<p>Der klimatisierte Produktionsbereich erf\u00fcllt die hohen Hygienestandards unserer Industrie. Die Professionalit\u00e4t unsere Mitarbeiter an modernen Produktionsanlagen ist der Erfolgsfaktor um mit hoher Effizienz unsere qualit\u00e4ts- und kostensensiblen Produkte herzustellen.<\/p>\n<p>Unsere Kunden bekommen unsere ungeteilte Aufmerksamkeit und Unterst\u00fctzung bei der Entwicklung erfolgreicher Produkte. Wir verfolgen Markttrends, m\u00f6chten die Anforderungen unsere Kunden klar verstehen und setzen diese mit Material- und Prozesswissen um. Wir beachten unsere Nachhaltigkeitsziele, entscheiden schnell und setzen n\u00f6tige Investitionen effizient um.<\/p>\n<p>Accordion\u00ae, unser neuestes Produkt ist ein Ergebnis dieser Entwicklung. Ein weiches, luftdurchl\u00e4ssiges hoch elastisches Vliesstofflaminat mit hoher Rei\u00dffestigkeit.<\/p>\n<p>[\/et_pb_text][\/et_pb_column][\/et_pb_row][\/et_pb_section][et_pb_section fb_built=&#8220;1&#8243; _builder_version=&#8220;4.16&#8243; _module_preset=&#8220;default&#8220; background_color=&#8220;rgba(114,125,129,0.27)&#8220; global_colors_info=&#8220;{}&#8220;][et_pb_row _builder_version=&#8220;4.16&#8243; _module_preset=&#8220;default&#8220; global_colors_info=&#8220;{}&#8220;][et_pb_column type=&#8220;4_4&#8243; _builder_version=&#8220;4.16&#8243; _module_preset=&#8220;default&#8220; global_colors_info=&#8220;{}&#8220;][et_pb_text _builder_version=&#8220;4.25.1&#8243; _module_preset=&#8220;default&#8220; text_text_color=&#8220;#A21F36&#8243; text_font_size=&#8220;48px&#8220; text_line_height=&#8220;1em&#8220; animation_style=&#8220;slide&#8220; animation_direction=&#8220;bottom&#8220; animation_duration=&#8220;1250ms&#8220; animation_delay=&#8220;250ms&#8220; animation_intensity_slide=&#8220;20%&#8220; global_colors_info=&#8220;{}&#8220;]<\/p>\n<p>\u00bb Accordion\u00ae \u2013 zukunftsweisender Einstieg in den Personal-Care-Bereich<\/p>\n<p>[\/et_pb_text][\/et_pb_column][\/et_pb_row][\/et_pb_section][et_pb_section fb_built=&#8220;1&#8243; module_id=&#8220;accordion&#8220; _builder_version=&#8220;4.25.0&#8243; _module_preset=&#8220;default&#8220; global_colors_info=&#8220;{}&#8220;][et_pb_row _builder_version=&#8220;4.16&#8243; _module_preset=&#8220;default&#8220; custom_padding=&#8220;||0px||false|false&#8220; animation_style=&#8220;slide&#8220; animation_direction=&#8220;bottom&#8220; animation_duration=&#8220;1250ms&#8220; animation_delay=&#8220;250ms&#8220; animation_intensity_slide=&#8220;20%&#8220; global_colors_info=&#8220;{}&#8220;][et_pb_column type=&#8220;4_4&#8243; _builder_version=&#8220;4.16&#8243; _module_preset=&#8220;default&#8220; global_colors_info=&#8220;{}&#8220;][et_pb_text _builder_version=&#8220;4.24.3&#8243; _module_preset=&#8220;default&#8220; global_colors_info=&#8220;{}&#8220;]<\/p>\n<h2 class=\"p1\">Das luftdurchl\u00e4ssige, hochelastische Vliesstofflaminat<\/h2>\n<p>[\/et_pb_text][et_pb_image src=&#8220;https:\/\/www.kaschier.de\/wp-content\/uploads\/2024\/12\/KL_markenlogo_accordion.jpg&#8220; title_text=&#8220;KL_markenlogo_accordion&#8220; _builder_version=&#8220;4.27.4&#8243; _module_preset=&#8220;default&#8220; height=&#8220;30px&#8220; hover_enabled=&#8220;0&#8243; global_colors_info=&#8220;{}&#8220; sticky_enabled=&#8220;0&#8243;][\/et_pb_image][\/et_pb_column][\/et_pb_row][et_pb_row column_structure=&#8220;1_2,1_2&#8243; _builder_version=&#8220;4.16&#8243; _module_preset=&#8220;default&#8220; animation_style=&#8220;slide&#8220; animation_direction=&#8220;bottom&#8220; animation_duration=&#8220;1250ms&#8220; animation_delay=&#8220;250ms&#8220; animation_intensity_slide=&#8220;20%&#8220; global_colors_info=&#8220;{}&#8220;][et_pb_column type=&#8220;1_2&#8243; _builder_version=&#8220;4.16&#8243; _module_preset=&#8220;default&#8220; global_colors_info=&#8220;{}&#8220;][et_pb_text _builder_version=&#8220;4.25.1&#8243; _module_preset=&#8220;default&#8220; text_font_size=&#8220;16px&#8220; animation_direction=&#8220;bottom&#8220; global_colors_info=&#8220;{}&#8220;]<\/p>\n<p>Entdecken Sie die vielf\u00e4ltigen Vorteile von Accordion\u00ae! Mit unserem hochelastischen, luftdurchl\u00e4ssigen Vliesstofflaminat erzielen Sie eine un\u00fcbertroffene Leistungsf\u00e4higkeit. Die hohe Rei\u00dffestigkeit garantiert lange Haltbarkeit und hohe Zuverl\u00e4ssigkeit.\u00a0<\/p>\n<p>[\/et_pb_text][\/et_pb_column][et_pb_column type=&#8220;1_2&#8243; _builder_version=&#8220;4.16&#8243; _module_preset=&#8220;default&#8220; global_colors_info=&#8220;{}&#8220;][et_pb_text _builder_version=&#8220;4.25.1&#8243; _module_preset=&#8220;default&#8220; text_font_size=&#8220;16px&#8220; animation_direction=&#8220;bottom&#8220; global_colors_info=&#8220;{}&#8220;]<\/p>\n<p>Accordion\u00ae bietet au\u00dfergew\u00f6hnliche Flexibilit\u00e4t und passt sich jedem Einsatzgebiet an. Von medizinischen Verpackungsl\u00f6sungen bis hin zu technischen Textilien erf\u00fcllt unsere innovative L\u00f6sung vielf\u00e4ltige Bed\u00fcrfnisse. Erleben Sie die Zukunft der hygienischen Technologien mit Accordion\u00ae.<\/p>\n<p>[\/et_pb_text][\/et_pb_column][\/et_pb_row][et_pb_row _builder_version=&#8220;4.16&#8243; _module_preset=&#8220;default&#8220; custom_margin=&#8220;||||true|false&#8220; custom_padding=&#8220;0px||0px||true|false&#8220; global_colors_info=&#8220;{}&#8220;][et_pb_column type=&#8220;4_4&#8243; _builder_version=&#8220;4.16&#8243; _module_preset=&#8220;default&#8220; global_colors_info=&#8220;{}&#8220;][et_pb_divider color=&#8220;#727D81&#8243; divider_position=&#8220;center&#8220; _builder_version=&#8220;4.16&#8243; _module_preset=&#8220;default&#8220; global_colors_info=&#8220;{}&#8220;][\/et_pb_divider][\/et_pb_column][\/et_pb_row][et_pb_row _builder_version=&#8220;4.16&#8243; _module_preset=&#8220;default&#8220; custom_padding=&#8220;||0px||false|false&#8220; animation_style=&#8220;slide&#8220; animation_direction=&#8220;bottom&#8220; animation_duration=&#8220;1250ms&#8220; animation_delay=&#8220;200ms&#8220; animation_intensity_slide=&#8220;20%&#8220; global_colors_info=&#8220;{}&#8220;][et_pb_column type=&#8220;4_4&#8243; _builder_version=&#8220;4.16&#8243; _module_preset=&#8220;default&#8220; global_colors_info=&#8220;{}&#8220;][et_pb_text _builder_version=&#8220;4.25.1&#8243; _module_preset=&#8220;default&#8220; global_colors_info=&#8220;{}&#8220;]<\/p>\n<h2>Ihre Ansprechpartner f\u00fcr den Bereich Personal Care<\/h2>\n<p>[\/et_pb_text][\/et_pb_column][\/et_pb_row][et_pb_row column_structure=&#8220;1_5,1_5,1_5,1_5,1_5&#8243; use_custom_gutter=&#8220;on&#8220; gutter_width=&#8220;1&#8243; _builder_version=&#8220;4.16&#8243; _module_preset=&#8220;default&#8220; module_alignment=&#8220;center&#8220; custom_margin=&#8220;|||||true&#8220; animation_style=&#8220;slide&#8220; animation_direction=&#8220;bottom&#8220; animation_duration=&#8220;1150ms&#8220; animation_delay=&#8220;250ms&#8220; animation_intensity_slide=&#8220;19%&#8220; global_colors_info=&#8220;{}&#8220;][et_pb_column type=&#8220;1_5&#8243; _builder_version=&#8220;4.16&#8243; _module_preset=&#8220;default&#8220; global_colors_info=&#8220;{}&#8220;][et_pb_text _builder_version=&#8220;4.27.0&#8243; _module_preset=&#8220;default&#8220; text_font_size=&#8220;16px&#8220; width=&#8220;100%&#8220; custom_margin=&#8220;|0px||0px|false|true&#8220; custom_padding=&#8220;|0px||0px|false|true&#8220; global_colors_info=&#8220;{}&#8220;]<\/p>\n<p><strong>Georg Baldauf<\/strong><br \/>(Gesch\u00e4ftsf\u00fchrung)<\/p>\n<p>Mobil:\u00a0 +49(0)162-17-82-345<br \/>eMail: \u00a0<a href=\"mailto:baldauf@kaschier.de\">baldauf@kaschier.de<\/a><\/p>\n<p>[\/et_pb_text][\/et_pb_column][et_pb_column type=&#8220;1_5&#8243; _builder_version=&#8220;4.24.3&#8243; _module_preset=&#8220;default&#8220; global_colors_info=&#8220;{}&#8220;][et_pb_text _builder_version=&#8220;4.27.0&#8243; _module_preset=&#8220;default&#8220; text_font_size=&#8220;16px&#8220; width=&#8220;100%&#8220; custom_margin=&#8220;|0px||0px|false|true&#8220; custom_padding=&#8220;|0px||0px|false|true&#8220; global_colors_info=&#8220;{}&#8220;]<\/p>\n<p class=\"p1\"><strong>Christina Oberhaus<\/strong><br \/>(Produktmanagement)<\/p>\n<p class=\"p2\">Tel.:<span class=\"Apple-converted-space\"> \u00a0\u00a0 +49(0)5924-29937-84<\/span><br \/>Mobil: +49(0)172-66-12-415<br \/>eMail:\u00a0 <a href=\"mailto:oberhaus@kaschier.de\">oberhaus@kaschier.de<\/a><\/p>\n<p>[\/et_pb_text][\/et_pb_column][et_pb_column type=&#8220;1_5&#8243; _builder_version=&#8220;4.16&#8243; _module_preset=&#8220;default&#8220; global_colors_info=&#8220;{}&#8220;][\/et_pb_column][et_pb_column type=&#8220;1_5&#8243; _builder_version=&#8220;4.16&#8243; _module_preset=&#8220;default&#8220; global_colors_info=&#8220;{}&#8220;][\/et_pb_column][et_pb_column type=&#8220;1_5&#8243; _builder_version=&#8220;4.16&#8243; _module_preset=&#8220;default&#8220; global_colors_info=&#8220;{}&#8220;][\/et_pb_column][\/et_pb_row][\/et_pb_section]<\/p>\n","protected":false},"excerpt":{"rendered":"<p>Neupositionierung der K.L. im Personal-Care-BereichVliesstoffe und thermoplastische Folien sind die Ausgangsmaterialien aus denen wir bei K.L. unsere Funktionslaminate klebstofffrei zusammenf\u00fcgen. Dabei legen wir gro\u00dfen Wert auf einen abfallfreien Produktionsprozess. S\u00e4mtlich anfallende Rohmaterial- und Produktreste werden sortenrein gesammelt und rezykliert. Wir fertigen unsere innovativen Verbundstoffe Ressourcen schonend und emissionsfrei. F\u00fcr Medical Kunden konfektionieren wir Bahnen Ware [&hellip;]<\/p>\n","protected":false},"author":1,"featured_media":0,"parent":0,"menu_order":0,"comment_status":"closed","ping_status":"closed","template":"","meta":{"_et_pb_use_builder":"on","_et_pb_old_content":"","_et_gb_content_width":"","footnotes":""},"class_list":["post-52","page","type-page","status-publish","hentry"],"_links":{"self":[{"href":"https:\/\/www.kaschier.de\/en\/wp-json\/wp\/v2\/pages\/52","targetHints":{"allow":["GET"]}}],"collection":[{"href":"https:\/\/www.kaschier.de\/en\/wp-json\/wp\/v2\/pages"}],"about":[{"href":"https:\/\/www.kaschier.de\/en\/wp-json\/wp\/v2\/types\/page"}],"author":[{"embeddable":true,"href":"https:\/\/www.kaschier.de\/en\/wp-json\/wp\/v2\/users\/1"}],"replies":[{"embeddable":true,"href":"https:\/\/www.kaschier.de\/en\/wp-json\/wp\/v2\/comments?post=52"}],"version-history":[{"count":47,"href":"https:\/\/www.kaschier.de\/en\/wp-json\/wp\/v2\/pages\/52\/revisions"}],"predecessor-version":[{"id":1223,"href":"https:\/\/www.kaschier.de\/en\/wp-json\/wp\/v2\/pages\/52\/revisions\/1223"}],"wp:attachment":[{"href":"https:\/\/www.kaschier.de\/en\/wp-json\/wp\/v2\/media?parent=52"}],"curies":[{"name":"wp","href":"https:\/\/api.w.org\/{rel}","templated":true}]}}