{"id":454,"date":"2024-04-19T12:32:30","date_gmt":"2024-04-19T10:32:30","guid":{"rendered":"http:\/\/kl.maerz-kommunikation.de\/?page_id=454"},"modified":"2024-08-16T15:27:42","modified_gmt":"2024-08-16T13:27:42","slug":"datenschutzerklaerung","status":"publish","type":"page","link":"https:\/\/www.kaschier.de\/en\/datenschutzerklaerung\/","title":{"rendered":"PRIVACY POLICY"},"content":{"rendered":"<p>[et_pb_section fb_built=&#8220;1&#8243; _builder_version=&#8220;4.24.3&#8243; _module_preset=&#8220;default&#8220; global_colors_info=&#8220;{}&#8220;][et_pb_row _builder_version=&#8220;4.24.3&#8243; _module_preset=&#8220;default&#8220; global_colors_info=&#8220;{}&#8220;][et_pb_column type=&#8220;4_4&#8243; _builder_version=&#8220;4.24.3&#8243; _module_preset=&#8220;default&#8220; global_colors_info=&#8220;{}&#8220;][et_pb_text _builder_version=&#8220;4.27.0&#8243; _module_preset=&#8220;default&#8220; global_colors_info=&#8220;{}&#8220;]<\/p>\n<h2>Datenschutz\u00aderkl\u00e4rung<\/h2>\n<p><strong>1. Name und Anschrift der verantwortlichen Stelle<br \/><\/strong><\/p>\n<p>Verantwortliche Stelle im Sinne der Datenschutz-Grundverordnung und anderer nationaler Datenschutzgesetze der Mitgliedsstaaten sowie sonstiger datenschutzrechtlicher Bestimmungen ist die:<\/p>\n<p><strong>K. L. Kaschier- und Laminier GmbH<\/strong><\/p>\n<p>Kopenhagener Stra\u00dfe 3<br \/>48455 Bad Bentheim<br \/>Telefon +49 5924 29937-0<br \/><span id=\"cloak50750\">E-Mail: <a href=\"mailto:info@kaschier.de\">info(at)kaschier.de<\/a><\/span><\/p>\n<p><strong>Gesch\u00e4ftsf\u00fchrer:<\/strong><br \/>Dr. Rembert Schulze Wehninck, Elke Arnold, Georg Baldauf<\/p>\n<p>Weitere Angaben zu unserem Unternehmen entnehmen Sie bitte den Impressumsangaben auf unserer Internetseite.<\/p>\n<p><strong>2. Kontaktdaten des Datenschutzbeauftragten<\/strong><\/p>\n<p>Telefon: +49 (0)5924-29937-0<br \/>E-Mail:<span>\u00a0<\/span><span id=\"cloak5095\"><a href=\"mailto:dsb@kaschier.de\">dsb@kaschier.de<\/a><\/span><span><\/span><\/p>\n<p><span><\/span><\/p>\n<p><strong>3. Datenschutz auf einen Blick<\/strong><\/p>\n<p><strong>Allgemeine Hinweise<\/strong><\/p>\n<p>Die folgenden Hinweise geben einen einfachen \u00dcberblick dar\u00fcber, was mit Ihren personenbezogenen Daten passiert, wenn Sie unsere Website besuchen. Personenbezogene Daten sind alle Daten, mit denen Sie pers\u00f6nlich identifiziert werden k\u00f6nnen. Ausf\u00fchrliche Informationen zum Thema Datenschutz entnehmen Sie unserer unter diesem Text aufgef\u00fchrten Datenschutzerkl\u00e4rung.<\/p>\n<p><strong>Wie erfassen wir Ihre Daten?<\/strong><\/p>\n<p>Ihre Daten werden zum einen dadurch erhoben, dass Sie uns diese mitteilen. Hierbei kann es sich z.B. um Daten handeln, die Sie uns per E-Mail schicken. Andere Daten werden automatisch beim Besuch der Website durch unsere IT-Systeme erfasst. Das sind vor allem technische Daten (z.B. Internetbrowser, Betriebssystem oder Uhrzeit des Seitenaufrufs). Die Erfassung dieser Daten erfolgt automatisch, sobald Sie unsere Website betreten.<\/p>\n<p>Unsere Internetseite verwendete keine relevanten Plugins, Tools und Cookies, auf die wir explizit hinweisen m\u00fcssen. Wir haben daher auf die technische Abfrage eines Cookie-Einverst\u00e4ndnisses verzichtet.<\/p>\n<p><strong>Wof\u00fcr nutzen wir Ihre Daten?<\/strong><\/p>\n<p>Ein Teil der Daten wird erhoben, um eine fehlerfreie Bereitstellung der Website zu gew\u00e4hrleisten. Andere Daten werden f\u00fcr die von Ihnen gew\u00fcnschte Kommunikation verarbeitet.<\/p>\n<p><strong>Welche Rechte haben Sie bez\u00fcglich Ihrer personenbezogenen Daten?<\/strong><\/p>\n<p>Sie haben jederzeit das Recht unentgeltlich Auskunft \u00fcber Herkunft, Empf\u00e4nger und Zweck Ihrer gespeicherten personenbezogenen Daten zu erhalten. Sie haben au\u00dferdem ein Recht, die Berichtigung, Sperrung oder L\u00f6schung dieser Daten zu verlangen. Hierzu sowie zu weiteren Fragen zum Thema Datenschutz k\u00f6nnen Sie sich jederzeit unter der \u00dcberschrift &#8222;1. Name und Anschrift der verantwortlichen Stelle&#8220; angegebenen Adresse an uns wenden. Des Weiteren steht Ihnen ein Beschwerderecht bei der zust\u00e4ndigen Aufsichtsbeh\u00f6rde zu.<\/p>\n<p><strong>4. Allgemeine Hinweise und Pflichtinformationen<\/strong><\/p>\n<p><strong>Datenschutz<\/strong><\/p>\n<p>Wir nehmen den Schutz Ihrer pers\u00f6nlichen Daten sehr ernst. Wir behandeln Ihre personenbezogenen Daten vertraulich und entsprechend der gesetzlichen Datenschutzvorschriften sowie dieser Datenschutzerkl\u00e4rung. Wenn Sie diese Website benutzen, werden verschiedene personenbezogene Daten erhoben. Personenbezogene Daten sind Daten, mit denen Sie pers\u00f6nlich identifiziert werden k\u00f6nnen. Die vorliegende Datenschutzerkl\u00e4rung erl\u00e4utert, welche Daten wir erheben und wof\u00fcr wir sie nutzen. Sie erl\u00e4utert auch, wie und zu welchem Zweck das geschieht. Wir weisen darauf hin, dass die Daten\u00fcbertragung im Internet (z.B. bei der Kommunikation per E-Mail) Sicherheitsl\u00fccken aufweisen kann. Ein l\u00fcckenloser Schutz der Daten vor dem Zugriff durch Dritte ist nicht m\u00f6glich.<\/p>\n<p><strong>Beschwerderecht bei der zust\u00e4ndigen Aufsichtsbeh\u00f6rde<\/strong><\/p>\n<p>Im Falle datenschutzrechtlicher Verst\u00f6\u00dfe steht dem Betroffenen ein Beschwerderecht bei der zust\u00e4ndigen Aufsichtsbeh\u00f6rde zu. Zust\u00e4ndige Aufsichtsbeh\u00f6rde in datenschutzrechtlichen Fragen ist der Landesdatenschutzbeauftragte des Bundeslandes, in dem unser Unternehmen seinen Sitz hat.<\/p>\n<p><strong>Recht auf Daten\u00fcbertragbarkeit (Art. 20 DSGVO)<br \/><\/strong><\/p>\n<p>Sie haben das Recht, Daten, die wir auf Grundlage Ihrer Einwilligung oder in Erf\u00fcllung eines Vertrags automatisiert verarbeiten, an sich oder an einen Dritten in einem g\u00e4ngigen, maschinenlesbaren Format aush\u00e4ndigen zu lassen. Sofern Sie die direkte \u00dcbertragung der Daten an einen anderen Verantwortlichen verlangen, erfolgt dies nur, soweit es technisch machbar ist.<\/p>\n<p><strong>Recht auf Auskunft (Art. 15 DSGVO), Berichtigung oder L\u00f6schung (Art. 16 und 17 DSGVO), Einschr\u00e4nkung (Art. 18 DSGVO), Widerspruch gegen die Verarbeitung (Art. 21 DSGVO)<\/strong><\/p>\n<p>Sie haben im Rahmen der geltenden gesetzlichen Bestimmungen jederzeit das Recht auf unentgeltliche Auskunft \u00fcber Ihre gespeicherten personenbezogenen Daten, deren Herkunft und Empf\u00e4nger und den Zweck der Datenverarbeitung und ggf. ein Recht auf Berichtigung, Einschr\u00f6nkung der Verarbeitung oder L\u00f6schung dieser Daten. Dar\u00fcber hinaus besteht f\u00fcr Sie das Recht, der Datenverarbeitung aufgrund berechtigter Interessen zu widersprechen. Hierzu sowie zu weiteren Fragen zum Thema personenbezogene Daten k\u00f6nnen Sie sich jederzeit unter der \u00dcberschrift &#8222;1. Name und Anschrift der verantwortlichen Stelle&#8220; angegebenen Adresse an uns wenden.<\/p>\n<p><strong>5. Datenerfassung auf unserer Webseite<\/strong><\/p>\n<p><strong>Server-Log-Dateien<\/strong><\/p>\n<p>Der Provider der Seiten erhebt und speichert automatisch Informationen in so genannten Server-Log-Dateien, die Ihr Browser automatisch an uns \u00fcbermittelt. Dies sind:<\/p>\n<ul>\n<li>Browsertyp, Browserversion und Spracheinstellung des Browsers<\/li>\n<li>verwendetes Betriebssystem<\/li>\n<li>Referrer URL<\/li>\n<li>Hostname des zugreifenden Rechners<\/li>\n<li>Datum und Uhrzeit der Serveranfrage<\/li>\n<li>IP-Adresse<\/li>\n<\/ul>\n<p>Eine Zusammenf\u00fchrung dieser Daten mit anderen Datenquellen wird nicht vorgenommen. Grundlage f\u00fcr die Datenverarbeitung ist Art. 6 Abs. 1 lit. f DSGVO. Wir haben ein berechtigtes Interesse an einer m\u00f6glichst zuverl\u00e4ssigen Darstellung unserer Website. Weitere Informationen zum Thema Server-Log-Dateien des Providers finden Sie auf der <a href=\"https:\/\/www.ionos.de\/digitalguide\/online-marketing\/web-analyse\/logfiles-die-protokolle-der-computerprozesse\/\">Seite des Providers<\/a>.\u00a0<\/p>\n<p><strong>E-Mail <\/strong><\/p>\n<p>Wenn Sie uns per E-Mail Anfragen zukommen lassen, werden Ihre Daten aus der E-Mail inklusive der von Ihnen dort angegebenen Kontaktdaten zwecks Bearbeitung der Anfrage und f\u00fcr den Fall von Anschlussfragen bei uns gespeichert. Diese Daten geben wir nicht ohne Ihre Einwilligung weiter. Die Verarbeitung der \u00fcbermittelten Daten erfolgt somit auf Grundlage von Art. 6 Abs. 1 lit. b sowie Art.\u00a06 Abs.\u00a01 lit.\u00a0f DSGVO.<\/p>\n<p>Die von Ihnen im Kontaktformular bzw. in der E-Mail eingegebenen Daten verbleiben bei uns, bis Sie uns zur L\u00f6schung auffordern oder der Zweck f\u00fcr die Datenspeicherung entf\u00e4llt (z.B. nach abgeschlossener Bearbeitung Ihrer Anfrage). Zwingende gesetzliche Bestimmungen \u2013 insbesondere Aufbewahrungsfristen \u2013 bleiben unber\u00fchrt.<\/p>\n<p><strong>Bewerbungen<\/strong><\/p>\n<p>Auf unserer Webseite k\u00f6nnen Sie sich unter \u201eKarriere\u201c \u00fcber offene Stellen in unserem Unternehmen informieren und per E-Mail oder per Post auf diese bewerben. Die von Ihnen \u00fcbersandten Unterlagen speichern wir f\u00fcr die Dauer des Bewerbungsverfahrens. Rechtsgrundlage ist \u00a7 26 Abs. 1 BDSG. Soweit keine Einstellung erfolgt, l\u00f6schen wir die \u00fcbersandten Unterlagen sp\u00e4testens sechs Monate nach Abschluss des Bewerbungsverfahrens. Soweit wir beabsichtigen, die von Ihnen \u00fcbersandten Unterlagen \u00fcber die Dauer des Bewerbungsverfahren hinaus zu speichern, z.B. weil Ihre Bewerbung f\u00fcr eine weitere Stellenausschreibung in Betracht kommt, holen wir hierzu Ihre ausdr\u00fcckliche Einwilligung ein.<\/p>\n<p><strong>Hosting<\/strong><\/p>\n<p>Wir hosten die Inhalte unserer Website bei IONOS SE. Anbieter ist IONOS SE, Elgendorfer Str. 57 in 56410 Montabaur (nachfolgend &#8222;IONOS&#8220;). Die Verwendung von IONOS erfolgt auf Grundlage von Art. 6 Abs. 1 lit. f DSGVO. Wir haben ein berechtigtes Interesse an einer m\u00f6glichst zuverl\u00e4ssigen Darstellung unserer Website. Weitere Details zum Datenschutz beim Provider k\u00f6nnen Sie der <a href=\"https:\/\/www.ionos.de\/terms-gtc\/datenschutzerklaerung\/\">Datenschutzerkl\u00e4rung von IONOS <\/a>entnehmen.<\/p>\n<p><strong>Wordfence<\/strong><\/p>\n<p>Wir nutzen das Plugin Wordfence des Anbieters Defiant Inc., Attn: Legal Department, 1700 Westlake Ave N Ste 200, Seattle, WA 98109, USA (\u201eWordfence\u201c). Wordfence speichert die IP-Adressen der User, um Brute-Force- und DDoS-Angriffe zu erkennen. Unbedenklich eingestufte IP-Adressen werden auf eine Whitelist gesetzt. Bedenkliche IP-Adressen landen auf einer Blacklist. Die IP-Adressen werden in der Datenbank auf unserem Server gespeichert.<\/p>\n<p>Die Nutzung von Wordfence erfolgt im Interesse der Sicherheit und Schutz unseres Online-Angebots vor Angriffen. Dies stellt ein berechtigtes Interesse im Sinne von Art. 6 Abs. 1 lit. f DSGVO dar. Soweit Cookies durch Wordfence gesetzt werden, geschieht dies aufgrund Ihrer Einwilligung gem. \u00a7 25 Abs. 1 TDDDG.<\/p>\n<p>Weitere <a href=\"https:\/\/www.wordfence.com\/help\/general-data-protection-regulation\/#agreement-to-new-terms-and-privacy-policies\">Informationen zu Wordfence<\/a> und <a href=\"https:\/\/www.wordfence.com\/privacy-policy\/\">Datenschutz bei Wordfence<\/a> finden Sie unter den angegebenen Links.<a href=\"https:\/\/www.wordfence.com\/privacy-policy\/\"><\/a><\/p>\n<p>&nbsp;<\/p>\n<p>[\/et_pb_text][\/et_pb_column][\/et_pb_row][\/et_pb_section]<\/p>\n","protected":false},"excerpt":{"rendered":"<p>Datenschutz\u00aderkl\u00e4rung 1. Name und Anschrift der verantwortlichen Stelle Verantwortliche Stelle im Sinne der Datenschutz-Grundverordnung und anderer nationaler Datenschutzgesetze der Mitgliedsstaaten sowie sonstiger datenschutzrechtlicher Bestimmungen ist die: K. L. Kaschier- und Laminier GmbH Kopenhagener Stra\u00dfe 348455 Bad BentheimTelefon +49 5924 29937-0E-Mail: info(at)kaschier.de Gesch\u00e4ftsf\u00fchrer:Dr. Rembert Schulze Wehninck, Elke Arnold, Georg Baldauf Weitere Angaben zu unserem Unternehmen entnehmen [&hellip;]<\/p>\n","protected":false},"author":1,"featured_media":0,"parent":0,"menu_order":0,"comment_status":"closed","ping_status":"closed","template":"","meta":{"_et_pb_use_builder":"on","_et_pb_old_content":"","_et_gb_content_width":"","footnotes":""},"class_list":["post-454","page","type-page","status-publish","hentry"],"_links":{"self":[{"href":"https:\/\/www.kaschier.de\/en\/wp-json\/wp\/v2\/pages\/454","targetHints":{"allow":["GET"]}}],"collection":[{"href":"https:\/\/www.kaschier.de\/en\/wp-json\/wp\/v2\/pages"}],"about":[{"href":"https:\/\/www.kaschier.de\/en\/wp-json\/wp\/v2\/types\/page"}],"author":[{"embeddable":true,"href":"https:\/\/www.kaschier.de\/en\/wp-json\/wp\/v2\/users\/1"}],"replies":[{"embeddable":true,"href":"https:\/\/www.kaschier.de\/en\/wp-json\/wp\/v2\/comments?post=454"}],"version-history":[{"count":31,"href":"https:\/\/www.kaschier.de\/en\/wp-json\/wp\/v2\/pages\/454\/revisions"}],"predecessor-version":[{"id":1104,"href":"https:\/\/www.kaschier.de\/en\/wp-json\/wp\/v2\/pages\/454\/revisions\/1104"}],"wp:attachment":[{"href":"https:\/\/www.kaschier.de\/en\/wp-json\/wp\/v2\/media?parent=454"}],"curies":[{"name":"wp","href":"https:\/\/api.w.org\/{rel}","templated":true}]}}