{"id":439,"date":"2024-04-19T11:58:38","date_gmt":"2024-04-19T09:58:38","guid":{"rendered":"http:\/\/kl.maerz-kommunikation.de\/?page_id=439"},"modified":"2024-08-28T16:43:51","modified_gmt":"2024-08-28T14:43:51","slug":"tapes","status":"publish","type":"page","link":"https:\/\/www.kaschier.de\/en\/tapes\/","title":{"rendered":"TAPES"},"content":{"rendered":"<p>[et_pb_section fb_built=&#8220;1&#8243; fullwidth=&#8220;on&#8220; _builder_version=&#8220;4.16&#8243; _module_preset=&#8220;default&#8220; global_colors_info=&#8220;{}&#8220;][et_pb_fullwidth_slider show_arrows=&#8220;off&#8220; show_pagination=&#8220;off&#8220; use_bg_overlay=&#8220;on&#8220; bg_overlay_color=&#8220;rgba(114,125,129,0.4)&#8220; use_text_overlay=&#8220;off&#8220; _builder_version=&#8220;4.27.0&#8243; _module_preset=&#8220;default&#8220; header_font=&#8220;||||||||&#8220; custom_button=&#8220;on&#8220; button_text_size=&#8220;28px&#8220; button_border_width=&#8220;0px&#8220; button_border_color=&#8220;RGBA(0,0,0,0)&#8220; button_border_radius=&#8220;0px&#8220; button_font=&#8220;|600|||||||&#8220; button_icon=&#8220;%%36%%&#8220; button_icon_color=&#8220;#A21F36&#8243; button_icon_placement=&#8220;left&#8220; button_on_hover=&#8220;off&#8220; button_alignment=&#8220;right&#8220; button_custom_margin=&#8220;|0px|||false|false&#8220; button_custom_padding=&#8220;|0px|||false|false&#8220; content_width=&#8220;100%&#8220; height=&#8220;640px&#8220; height_tablet=&#8220;360px&#8220; height_phone=&#8220;225px&#8220; height_last_edited=&#8220;on|tablet&#8220; custom_margin=&#8220;||||false|false&#8220; custom_padding=&#8220;||||false|false&#8220; border_style_all_image=&#8220;none&#8220; global_colors_info=&#8220;{}&#8220;][et_pb_slide heading=&#8220;Moderne und langzeitstabile Private Label &#8211; Klebeb\u00e4nder&#8220; use_bg_overlay=&#8220;off&#8220; use_text_overlay=&#8220;on&#8220; text_overlay_color=&#8220;rgba(162,31,54,0.7)&#8220; _builder_version=&#8220;4.27.0&#8243; _module_preset=&#8220;default&#8220; header_level=&#8220;h1&#8243; header_font=&#8220;|600|||||||&#8220; header_text_align=&#8220;right&#8220; header_font_size=&#8220;48px&#8220; body_font=&#8220;||||||||&#8220; body_text_align=&#8220;right&#8220; body_font_size=&#8220;72px&#8220; body_line_height=&#8220;1.1em&#8220; background_color=&#8220;RGBA(0,0,0,0)&#8220; background_enable_color=&#8220;on&#8220; background_image=&#8220;https:\/\/www.kaschier.de\/wp-content\/uploads\/2024\/08\/header_tapes.jpg&#8220; background_enable_image=&#8220;on&#8220; text_orientation=&#8220;right&#8220; width=&#8220;100%&#8220; width_tablet=&#8220;100%&#8220; width_phone=&#8220;100%&#8220; width_last_edited=&#8220;on|phone&#8220; max_width=&#8220;100%&#8220; custom_padding=&#8220;25%|10%||40%|false|false&#8220; custom_padding_tablet=&#8220;|0px|||false|false&#8220; custom_padding_phone=&#8220;35%|0px||0px|false|true&#8220; custom_padding_last_edited=&#8220;on|desktop&#8220; header_font_size_tablet=&#8220;32px&#8220; header_font_size_phone=&#8220;24px&#8220; header_font_size_last_edited=&#8220;on|phone&#8220; global_colors_info=&#8220;{}&#8220; width__hover_enabled=&#8220;on|desktop&#8220; width__hover=&#8220;80%&#8220; sticky_transition=&#8220;on&#8220;][\/et_pb_slide][\/et_pb_fullwidth_slider][\/et_pb_section][et_pb_section fb_built=&#8220;1&#8243; _builder_version=&#8220;4.16&#8243; _module_preset=&#8220;default&#8220; custom_padding=&#8220;||8px|||&#8220; global_colors_info=&#8220;{}&#8220;][et_pb_row _builder_version=&#8220;4.16&#8243; _module_preset=&#8220;default&#8220; animation_style=&#8220;slide&#8220; animation_direction=&#8220;bottom&#8220; animation_duration=&#8220;1250ms&#8220; animation_intensity_slide=&#8220;20%&#8220; global_colors_info=&#8220;{}&#8220;][et_pb_column type=&#8220;4_4&#8243; _builder_version=&#8220;4.16&#8243; _module_preset=&#8220;default&#8220; global_colors_info=&#8220;{}&#8220;][et_pb_text _builder_version=&#8220;4.25.1&#8243; _module_preset=&#8220;default&#8220; header_text_color=&#8220;#727D81&#8243; global_colors_info=&#8220;{}&#8220;]<\/p>\n<h1 class=\"p1\">K.L. Tapes als zukunftsweisende Verbundtechnologie<\/h1>\n<p>[\/et_pb_text][et_pb_text _builder_version=&#8220;4.25.1&#8243; _module_preset=&#8220;default&#8220; global_colors_info=&#8220;{}&#8220;]<\/p>\n<p>Spezialisierte Anwendungen und Systeme erfordern immer h\u00e4ufiger abgestimmte Klebeband-L\u00f6sungen. Erweitern Sie Ihr Produktportfolio um Ihre eigenen von uns im Lohn entwickelten, produzierten und konfektionierten Tapes.<\/p>\n<p>Ihren technischen Anforderungen entsprechend nutzen wir alle Arten von Tr\u00e4germaterialien, gerne auch von Ihnen vorgegebene Eigenmaterialien. Unsere St\u00e4rke ist die Fokussierung auf die technische L\u00f6sung, unabh\u00e4ngig von einzelnen Technologien. Aus unserer Sicht entscheidet die technische und kommerzielle Anforderung \u00fcber den Einsatz von Klebemedien wie beispielsweise PSA, Butyl oder Acrylat und nicht eventuell vorhandene Infrastruktur. \u00a0<\/p>\n<p>Entsprechend Ihren Vorgaben und Ihrem Corporate Design schneiden, bedrucken, perforieren, umlinern, verpacken wir Ihre Klebeb\u00e4nder gerne, so dass sie unmittelbar versandfertig, falls gew\u00fcnscht auch direkt von uns zu Ihren Kunden gehen k\u00f6nnen.<\/p>\n<p>[\/et_pb_text][\/et_pb_column][\/et_pb_row][et_pb_row _builder_version=&#8220;4.16&#8243; _module_preset=&#8220;default&#8220; custom_margin=&#8220;||||true|false&#8220; custom_padding=&#8220;0px||0px||true|false&#8220; global_colors_info=&#8220;{}&#8220;][et_pb_column type=&#8220;4_4&#8243; _builder_version=&#8220;4.16&#8243; _module_preset=&#8220;default&#8220; global_colors_info=&#8220;{}&#8220;][et_pb_divider color=&#8220;#727D81&#8243; divider_position=&#8220;center&#8220; _builder_version=&#8220;4.16&#8243; _module_preset=&#8220;default&#8220; global_colors_info=&#8220;{}&#8220;][\/et_pb_divider][\/et_pb_column][\/et_pb_row][\/et_pb_section][et_pb_section fb_built=&#8220;1&#8243; _builder_version=&#8220;4.16&#8243; _module_preset=&#8220;default&#8220; custom_padding=&#8220;0px|||||&#8220; global_colors_info=&#8220;{}&#8220;][et_pb_row _builder_version=&#8220;4.16&#8243; _module_preset=&#8220;default&#8220; custom_padding=&#8220;11px||0px||false|false&#8220; animation_style=&#8220;slide&#8220; animation_direction=&#8220;bottom&#8220; animation_duration=&#8220;1250ms&#8220; animation_delay=&#8220;200ms&#8220; animation_intensity_slide=&#8220;20%&#8220; global_colors_info=&#8220;{}&#8220;][et_pb_column type=&#8220;4_4&#8243; _builder_version=&#8220;4.16&#8243; _module_preset=&#8220;default&#8220; global_colors_info=&#8220;{}&#8220;][et_pb_text _builder_version=&#8220;4.25.1&#8243; _module_preset=&#8220;default&#8220; locked=&#8220;off&#8220; global_colors_info=&#8220;{}&#8220;]<\/p>\n<h2 class=\"p1\">Ihre Ansprechpartner Tapes<\/h2>\n<p>[\/et_pb_text][\/et_pb_column][\/et_pb_row][et_pb_row column_structure=&#8220;1_4,1_4,1_4,1_4&#8243; use_custom_gutter=&#8220;on&#8220; gutter_width=&#8220;1&#8243; _builder_version=&#8220;4.27.0&#8243; _module_preset=&#8220;default&#8220; module_alignment=&#8220;center&#8220; custom_margin=&#8220;|||||true&#8220; animation_style=&#8220;slide&#8220; animation_direction=&#8220;bottom&#8220; animation_duration=&#8220;1150ms&#8220; animation_delay=&#8220;250ms&#8220; animation_intensity_slide=&#8220;19%&#8220; global_colors_info=&#8220;{}&#8220;][et_pb_column type=&#8220;1_4&#8243; _builder_version=&#8220;4.16&#8243; _module_preset=&#8220;default&#8220; global_colors_info=&#8220;{}&#8220;][et_pb_text _builder_version=&#8220;4.27.0&#8243; _module_preset=&#8220;default&#8220; text_font_size=&#8220;16px&#8220; width=&#8220;100%&#8220; custom_margin=&#8220;|0px||0px|false|true&#8220; custom_padding=&#8220;|0px||0px|false|true&#8220; locked=&#8220;off&#8220; global_colors_info=&#8220;{}&#8220;]<\/p>\n<p class=\"p1\"><strong>Jaap Roosenbeek<\/strong><br \/>(Bereichsleitung Industrie)<\/p>\n<p class=\"p1\">Tel.:\u00a0\u00a0\u00a0 +49(0)5924-29937-0<br \/>Mobil: +49-172-677-17-91<br \/>eMail:\u00a0 <a href=\"mailto:roosenbeek@kaschier.de\">roosenbeek@kaschier.de<\/a><\/p>\n<p>[\/et_pb_text][\/et_pb_column][et_pb_column type=&#8220;1_4&#8243; _builder_version=&#8220;4.25.1&#8243; _module_preset=&#8220;default&#8220; global_colors_info=&#8220;{}&#8220;][et_pb_text _builder_version=&#8220;4.27.0&#8243; _module_preset=&#8220;default&#8220; text_font_size=&#8220;16px&#8220; width=&#8220;100%&#8220; custom_margin=&#8220;|0px||0px|false|true&#8220; custom_padding=&#8220;|0px||0px|false|true&#8220; locked=&#8220;off&#8220; global_colors_info=&#8220;{}&#8220;]<\/p>\n<p class=\"p1\"><strong>Sven Jansen<\/strong><br \/>(Produktmanager)<\/p>\n<p class=\"p1\">Tel.:\u00a0\u00a0\u00a0\u00a0 +49(0)5924-29937-50<br \/>Mobil:\u00a0 +49(0)173-617-35-73<br \/>eMail:\u00a0 <a href=\"mailto:jansen@kaschier.de\">jansen@kaschier.de<\/a><\/p>\n<p>[\/et_pb_text][\/et_pb_column][et_pb_column type=&#8220;1_4&#8243; _builder_version=&#8220;4.27.0&#8243; _module_preset=&#8220;default&#8220; global_colors_info=&#8220;{}&#8220;][\/et_pb_column][et_pb_column type=&#8220;1_4&#8243; _builder_version=&#8220;4.25.1&#8243; _module_preset=&#8220;default&#8220; global_colors_info=&#8220;{}&#8220;][\/et_pb_column][\/et_pb_row][\/et_pb_section]<\/p>\n","protected":false},"excerpt":{"rendered":"<p>K.L. Tapes als zukunftsweisende VerbundtechnologieSpezialisierte Anwendungen und Systeme erfordern immer h\u00e4ufiger abgestimmte Klebeband-L\u00f6sungen. Erweitern Sie Ihr Produktportfolio um Ihre eigenen von uns im Lohn entwickelten, produzierten und konfektionierten Tapes. Ihren technischen Anforderungen entsprechend nutzen wir alle Arten von Tr\u00e4germaterialien, gerne auch von Ihnen vorgegebene Eigenmaterialien. Unsere St\u00e4rke ist die Fokussierung auf die technische L\u00f6sung, unabh\u00e4ngig [&hellip;]<\/p>\n","protected":false},"author":1,"featured_media":0,"parent":0,"menu_order":0,"comment_status":"closed","ping_status":"closed","template":"","meta":{"_et_pb_use_builder":"on","_et_pb_old_content":"","_et_gb_content_width":"","footnotes":""},"class_list":["post-439","page","type-page","status-publish","hentry"],"_links":{"self":[{"href":"https:\/\/www.kaschier.de\/en\/wp-json\/wp\/v2\/pages\/439","targetHints":{"allow":["GET"]}}],"collection":[{"href":"https:\/\/www.kaschier.de\/en\/wp-json\/wp\/v2\/pages"}],"about":[{"href":"https:\/\/www.kaschier.de\/en\/wp-json\/wp\/v2\/types\/page"}],"author":[{"embeddable":true,"href":"https:\/\/www.kaschier.de\/en\/wp-json\/wp\/v2\/users\/1"}],"replies":[{"embeddable":true,"href":"https:\/\/www.kaschier.de\/en\/wp-json\/wp\/v2\/comments?post=439"}],"version-history":[{"count":25,"href":"https:\/\/www.kaschier.de\/en\/wp-json\/wp\/v2\/pages\/439\/revisions"}],"predecessor-version":[{"id":1169,"href":"https:\/\/www.kaschier.de\/en\/wp-json\/wp\/v2\/pages\/439\/revisions\/1169"}],"wp:attachment":[{"href":"https:\/\/www.kaschier.de\/en\/wp-json\/wp\/v2\/media?parent=439"}],"curies":[{"name":"wp","href":"https:\/\/api.w.org\/{rel}","templated":true}]}}