{"id":373,"date":"2024-04-16T19:23:14","date_gmt":"2024-04-16T17:23:14","guid":{"rendered":"http:\/\/kl.maerz-kommunikation.de\/?page_id=373"},"modified":"2025-12-02T14:15:55","modified_gmt":"2025-12-02T13:15:55","slug":"karriere","status":"publish","type":"page","link":"https:\/\/www.kaschier.de\/en\/karriere\/","title":{"rendered":"CAREER"},"content":{"rendered":"<p>[et_pb_section fb_built=&#8220;1&#8243; fullwidth=&#8220;on&#8220; _builder_version=&#8220;4.16&#8243; _module_preset=&#8220;default&#8220; global_colors_info=&#8220;{}&#8220;][et_pb_fullwidth_slider show_arrows=&#8220;off&#8220; show_pagination=&#8220;off&#8220; use_bg_overlay=&#8220;on&#8220; bg_overlay_color=&#8220;rgba(114,125,129,0.4)&#8220; use_text_overlay=&#8220;off&#8220; _builder_version=&#8220;4.25.1&#8243; _module_preset=&#8220;default&#8220; custom_button=&#8220;on&#8220; button_text_size=&#8220;28px&#8220; button_border_width=&#8220;0px&#8220; button_border_color=&#8220;RGBA(0,0,0,0)&#8220; button_border_radius=&#8220;0px&#8220; button_font=&#8220;|600|||||||&#8220; button_icon=&#8220;%%36%%&#8220; button_icon_color=&#8220;#A21F36&#8243; button_icon_placement=&#8220;left&#8220; button_on_hover=&#8220;off&#8220; button_alignment=&#8220;right&#8220; button_custom_margin=&#8220;|0px|||false|false&#8220; button_custom_padding=&#8220;|0px|||false|false&#8220; content_width=&#8220;100%&#8220; height=&#8220;640px&#8220; height_tablet=&#8220;360px&#8220; height_phone=&#8220;225px&#8220; height_last_edited=&#8220;on|tablet&#8220; custom_margin=&#8220;||||false|false&#8220; custom_padding=&#8220;||||false|false&#8220; border_style_all_image=&#8220;none&#8220; global_colors_info=&#8220;{}&#8220;][et_pb_slide heading=&#8220;Ihre Kompetenzen f\u00fcr gemeinsamen Erfolg&#8220; use_bg_overlay=&#8220;off&#8220; use_text_overlay=&#8220;on&#8220; text_overlay_color=&#8220;rgba(162,31,54,0.7)&#8220; _builder_version=&#8220;4.25.1&#8243; _module_preset=&#8220;default&#8220; header_level=&#8220;h1&#8243; header_font=&#8220;|600|||||||&#8220; header_font_size=&#8220;48px&#8220; body_font=&#8220;||||||||&#8220; body_text_align=&#8220;right&#8220; body_font_size=&#8220;72px&#8220; body_line_height=&#8220;1.1em&#8220; background_color=&#8220;RGBA(0,0,0,0)&#8220; background_enable_color=&#8220;on&#8220; background_image=&#8220;https:\/\/www.kaschier.de\/wp-content\/uploads\/2024\/05\/header_karriere2.jpg&#8220; background_enable_image=&#8220;on&#8220; text_orientation=&#8220;right&#8220; width=&#8220;100%&#8220; width_tablet=&#8220;100%&#8220; width_phone=&#8220;100%&#8220; width_last_edited=&#8220;on|phone&#8220; max_width=&#8220;100%&#8220; custom_padding=&#8220;25%|10%||40%|false|false&#8220; custom_padding_tablet=&#8220;|0px|||false|false&#8220; custom_padding_phone=&#8220;35%|0px||0px|false|true&#8220; custom_padding_last_edited=&#8220;on|phone&#8220; header_font_size_tablet=&#8220;32px&#8220; header_font_size_phone=&#8220;24px&#8220; header_font_size_last_edited=&#8220;on|phone&#8220; global_colors_info=&#8220;{}&#8220; sticky_transition=&#8220;on&#8220;][\/et_pb_slide][\/et_pb_fullwidth_slider][\/et_pb_section][et_pb_section fb_built=&#8220;1&#8243; _builder_version=&#8220;4.16&#8243; _module_preset=&#8220;default&#8220; global_colors_info=&#8220;{}&#8220;][et_pb_row _builder_version=&#8220;4.16&#8243; _module_preset=&#8220;default&#8220; animation_style=&#8220;slide&#8220; animation_direction=&#8220;bottom&#8220; animation_duration=&#8220;1250ms&#8220; animation_intensity_slide=&#8220;20%&#8220; global_colors_info=&#8220;{}&#8220;][et_pb_column type=&#8220;4_4&#8243; _builder_version=&#8220;4.16&#8243; _module_preset=&#8220;default&#8220; global_colors_info=&#8220;{}&#8220;][et_pb_text _builder_version=&#8220;4.24.3&#8243; _module_preset=&#8220;default&#8220; header_text_color=&#8220;#727D81&#8243; global_colors_info=&#8220;{}&#8220;]<\/p>\n<h1 class=\"p1\">Ihre Karriere bei K.L.<\/h1>\n<p>[\/et_pb_text][et_pb_text _builder_version=&#8220;4.24.3&#8243; _module_preset=&#8220;default&#8220; global_colors_info=&#8220;{}&#8220;]<\/p>\n<p>Als Entwicklungspartner und Anbieter f\u00fcr L\u00f6sungen im Bereich der technischen Textilien sind wir best\u00e4ndig bestrebt neue Mitarbeiter f\u00fcr unser Unternehmen zu gewinnen. Wenn Sie Interesse haben an Projekten mit unterschiedlichsten Anforderungen und st\u00e4ndig wechselnden Anwendungsfeldern mit zu arbeiten, dann schicken Sie uns gerne Ihre Bewerbungsunterlagen an<a href=\"mailto:bewerbung@kaschier.de\"><span> Personalwesen<\/span><span id=\"cloak22377\"><\/span><\/a>.<\/p>\n<p>Wir sind st\u00e4ndig auf der Suche nach Studenten, die im Rahmen Ihrer Diplom- oder Abschlussarbeit in einem technischen Bereich unser Unternehmen kennenlernen m\u00f6chten. Wir selbst haben Themenideen, die sich f\u00fcr eine entsprechende Arbeit eignen w\u00fcrden. Noch mehr freuen wir uns aber, wenn Sie mit einem eigenen Themenvorschlag auf uns zukommen. Wir stehen Ihnen dabei nicht nur mit unseren Technikumsanlagen und Laborausstattungen zur Verf\u00fcgung, sondern sichern Ihnen eine 1-zu-1 Betreuung durch einen Produktingenieur zu. F\u00fcr n\u00e4here Informationen steht Ihnen<span>\u00a0<\/span><a href=\"mailto:rolfes@kaschier.de\"><span id=\"cloak5188\">Frau Rolfes<\/span><\/a><span>\u00a0<\/span>gerne pers\u00f6nlich zur Verf\u00fcgung.<\/p>\n<p>[\/et_pb_text][\/et_pb_column][\/et_pb_row][et_pb_row _builder_version=&#8220;4.16&#8243; _module_preset=&#8220;default&#8220; custom_padding=&#8220;||0px||false|false&#8220; animation_style=&#8220;slide&#8220; animation_direction=&#8220;bottom&#8220; animation_duration=&#8220;1250ms&#8220; animation_delay=&#8220;200ms&#8220; animation_intensity_slide=&#8220;20%&#8220; global_colors_info=&#8220;{}&#8220;][et_pb_column type=&#8220;4_4&#8243; _builder_version=&#8220;4.16&#8243; _module_preset=&#8220;default&#8220; global_colors_info=&#8220;{}&#8220;][et_pb_text _builder_version=&#8220;4.25.1&#8243; _module_preset=&#8220;default&#8220; global_colors_info=&#8220;{}&#8220;]<\/p>\n<h2>Ihre Ansprechpartner f\u00fcr Ihre Karriereplanung<\/h2>\n<p>[\/et_pb_text][\/et_pb_column][\/et_pb_row][et_pb_row column_structure=&#8220;1_2,1_2&#8243; use_custom_gutter=&#8220;on&#8220; gutter_width=&#8220;1&#8243; _builder_version=&#8220;4.25.1&#8243; _module_preset=&#8220;default&#8220; module_alignment=&#8220;center&#8220; custom_margin=&#8220;|||||true&#8220; animation_style=&#8220;slide&#8220; animation_direction=&#8220;bottom&#8220; animation_duration=&#8220;1150ms&#8220; animation_delay=&#8220;250ms&#8220; animation_intensity_slide=&#8220;19%&#8220; global_colors_info=&#8220;{}&#8220;][et_pb_column type=&#8220;1_2&#8243; _builder_version=&#8220;4.16&#8243; _module_preset=&#8220;default&#8220; global_colors_info=&#8220;{}&#8220;][et_pb_text _builder_version=&#8220;4.27.0&#8243; _module_preset=&#8220;default&#8220; text_font_size=&#8220;16px&#8220; width=&#8220;100%&#8220; custom_margin=&#8220;|0px||0px|false|true&#8220; custom_padding=&#8220;|0px||0px|false|true&#8220; global_colors_info=&#8220;{}&#8220;]<\/p>\n<p class=\"p1\"><strong>Sarah Rolfes<\/strong><br \/>(Personalwesen)<\/p>\n<p class=\"p2\">Tel.:\u00a0\u00a0\u00a0 +49(0)5924-29937-14<br \/>Mobil: +49(0)162-67-936-84<br \/>eMail:\u00a0 <a href=\"mailto:bewerbung@kaschier.de\">bewerbung@kaschier.de<\/a><\/p>\n<p>[\/et_pb_text][\/et_pb_column][et_pb_column type=&#8220;1_2&#8243; _builder_version=&#8220;4.16&#8243; _module_preset=&#8220;default&#8220; global_colors_info=&#8220;{}&#8220;][et_pb_button button_url=&#8220;https:\/\/karriere.kaschier.de&#8220; button_text=&#8220;Bewerben Sie sich hier online &#8220; button_alignment=&#8220;center&#8220; button_alignment_last_edited=&#8220;off|phone&#8220; disabled_on=&#8220;off|off|off&#8220; _builder_version=&#8220;4.27.4&#8243; _module_preset=&#8220;default&#8220; custom_button=&#8220;on&#8220; button_text_size=&#8220;20px&#8220; button_text_color=&#8220;#FFFFFF&#8220; button_bg_color=&#8220;#A21F36&#8243; button_border_width=&#8220;2px&#8220; button_border_color=&#8220;#FFFFFF&#8220; button_border_radius=&#8220;0px&#8220; button_letter_spacing=&#8220;0px&#8220; button_font=&#8220;|700|||||||&#8220; button_icon=&#8220;&#xf135;||fa||900&#8243; button_on_hover=&#8220;off&#8220; background_layout=&#8220;dark&#8220; custom_padding=&#8220;1em|3em|1em|2em|true|false&#8220; animation_style=&#8220;slide&#8220; sticky_position=&#8220;top&#8220; sticky_offset_top=&#8220;80px&#8220; box_shadow_style=&#8220;preset1&#8243; box_shadow_vertical=&#8220;0px&#8220; global_colors_info=&#8220;{}&#8220;][\/et_pb_button][\/et_pb_column][\/et_pb_row][\/et_pb_section][et_pb_section fb_built=&#8220;1&#8243; _builder_version=&#8220;4.16&#8243; _module_preset=&#8220;default&#8220; background_color=&#8220;rgba(114,125,129,0.27)&#8220; global_colors_info=&#8220;{}&#8220;][et_pb_row _builder_version=&#8220;4.16&#8243; _module_preset=&#8220;default&#8220; global_colors_info=&#8220;{}&#8220;][et_pb_column type=&#8220;4_4&#8243; _builder_version=&#8220;4.16&#8243; _module_preset=&#8220;default&#8220; global_colors_info=&#8220;{}&#8220;][et_pb_text _builder_version=&#8220;4.24.3&#8243; _module_preset=&#8220;default&#8220; text_text_color=&#8220;#A21F36&#8243; text_font_size=&#8220;48px&#8220; text_line_height=&#8220;1em&#8220; animation_style=&#8220;slide&#8220; animation_direction=&#8220;bottom&#8220; animation_duration=&#8220;1250ms&#8220; animation_delay=&#8220;250ms&#8220; animation_intensity_slide=&#8220;20%&#8220; global_colors_info=&#8220;{}&#8220;]<\/p>\n<p>\u00bb Starten Sie mit uns in eine Zukunft mit Perspektive!<\/p>\n<p>[\/et_pb_text][\/et_pb_column][\/et_pb_row][\/et_pb_section][et_pb_section fb_built=&#8220;1&#8243; _builder_version=&#8220;4.16&#8243; _module_preset=&#8220;default&#8220; global_colors_info=&#8220;{}&#8220;][et_pb_row use_custom_gutter=&#8220;on&#8220; gutter_width=&#8220;1&#8243; _builder_version=&#8220;4.25.1&#8243; _module_preset=&#8220;default&#8220; module_alignment=&#8220;center&#8220; custom_margin=&#8220;|||||true&#8220; animation_style=&#8220;slide&#8220; animation_direction=&#8220;bottom&#8220; animation_duration=&#8220;1150ms&#8220; animation_delay=&#8220;250ms&#8220; animation_intensity_slide=&#8220;19%&#8220; global_colors_info=&#8220;{}&#8220;][et_pb_column type=&#8220;4_4&#8243; _builder_version=&#8220;4.16&#8243; _module_preset=&#8220;default&#8220; global_colors_info=&#8220;{}&#8220;][et_pb_text _builder_version=&#8220;4.25.1&#8243; _module_preset=&#8220;default&#8220; custom_padding=&#8220;||0px|||&#8220; global_colors_info=&#8220;{}&#8220;]<\/p>\n<p>In den folgenden Positionen k\u00f6nnen Sie mit uns in eine gemeinsame Zukunft starten:<\/p>\n<p>[\/et_pb_text][\/et_pb_column][\/et_pb_row][et_pb_row _builder_version=&#8220;4.16&#8243; _module_preset=&#8220;default&#8220; animation_style=&#8220;slide&#8220; animation_direction=&#8220;bottom&#8220; animation_duration=&#8220;1250ms&#8220; animation_delay=&#8220;250ms&#8220; animation_intensity_slide=&#8220;20%&#8220; global_colors_info=&#8220;{}&#8220;][et_pb_column type=&#8220;4_4&#8243; _builder_version=&#8220;4.16&#8243; _module_preset=&#8220;default&#8220; global_colors_info=&#8220;{}&#8220;][et_pb_accordion _builder_version=&#8220;4.27.4&#8243; _module_preset=&#8220;default&#8220; toggle_text_color=&#8220;#A21F36&#8243; toggle_level=&#8220;h2&#8243; body_font_size=&#8220;16px&#8220; background_color=&#8220;RGBA(0,0,0,0)&#8220; min_height=&#8220;247px&#8220; hover_enabled=&#8220;0&#8243; locked=&#8220;off&#8220; global_colors_info=&#8220;{}&#8220; sticky_enabled=&#8220;0&#8243;][et_pb_accordion_item title=&#8220;Auszubildende\/n Industriekaufmann\/frau (m\/w\/d)&#8220; open=&#8220;on&#8220; _builder_version=&#8220;4.27.0&#8243; _module_preset=&#8220;default&#8220; background_color=&#8220;RGBA(0,0,0,0)&#8220; background_enable_color=&#8220;on&#8220; custom_margin=&#8220;0px||0px||true|false&#8220; custom_padding=&#8220;|0px||0px|false|true&#8220; border_width_all=&#8220;0px&#8220; border_width_top=&#8220;1px&#8220; border_color_top=&#8220;#727D81&#8243; border_width_bottom=&#8220;1px&#8220; border_color_bottom=&#8220;#727D81&#8243; global_colors_info=&#8220;{}&#8220;]<\/p>\n<div class=\"et_pb_toggle_content clearfix\">\n<p><strong>Das erwartet dich<br \/><\/strong><\/p>\n<ul>\n<li>ein offenes und herzliches Team<\/li>\n<li>ein individueller Einarbeitungsplan<\/li>\n<li>gute Entwicklungschancen<\/li>\n<li>gef\u00f6rderte Weiterbildung<\/li>\n<li>Mitarbeiter-Rabatte auf Technik, Reisen, Autos, Bekleidung u.v.m.<\/li>\n<li>Kantine mit Mittagstisch-Gerichten<\/li>\n<li>eine 37 Std.-Woche<\/li>\n<li>30 Tage Urlaub j\u00e4hrlich<\/li>\n<\/ul>\n<p><strong>Du \u00fcberzeugst uns mit dem folgenden Profil<\/strong><\/p>\n<ul>\n<li>Abgeschlossene Schulausbildung<\/li>\n<li>Motivation und Engagement<\/li>\n<li>Neigung und Interesse im betriebswirtschaftlichen Bereich<\/li>\n<li>Zuverl\u00e4ssigkeit und Leistungsbereitschaft<\/li>\n<\/ul>\n<\/div>\n<p>[\/et_pb_accordion_item][et_pb_accordion_item title=&#8220;IT-affiner Controller \/ Business Intelligence &#038; Projektleiter (m\/w\/d)&#8220; _builder_version=&#8220;4.27.4&#8243; _module_preset=&#8220;default&#8220; background_color=&#8220;RGBA(0,0,0,0)&#8220; background_enable_color=&#8220;on&#8220; custom_margin=&#8220;0px||0px||true|false&#8220; custom_padding=&#8220;|0px||0px|false|true&#8220; border_width_all=&#8220;0px&#8220; border_width_top=&#8220;1px&#8220; border_color_top=&#8220;#727D81&#8243; border_width_bottom=&#8220;1px&#8220; border_color_bottom=&#8220;#727D81&#8243; global_colors_info=&#8220;{}&#8220; open=&#8220;off&#8220;]<\/p>\n<p><strong>Ihre Aufgaben und Verantwortlichkeiten<\/strong><\/p>\n<p>Controlling &amp; Reporting<\/p>\n<ul>\n<li>Entwicklung, Umsetzung und Optimierung interner Controlling-Prozesse<\/li>\n<li>Erstellung von Monats-, Quartals- und Jahresberichten<\/li>\n<li>Analyse von Gesch\u00e4ftszahlen, Abweichungsanalysen und Prognosen<\/li>\n<li>Budgetplanung und -kontrolle<\/li>\n<li>Unterst\u00fctzung der Gesch\u00e4ftsf\u00fchrung bei strategischen Entscheidungen<\/li>\n<li>Mitwirkung bei Investitionsplanungen und Wirtschaftlichkeitsanalysen<\/li>\n<\/ul>\n<p>Business Intelligence &amp; Datenmanagement<\/p>\n<ul>\n<li>Betreuung und Weiterentwicklung von BI-Tools (z. B. Power BI)<\/li>\n<li>Automatisierung von Reports und Dashboards<\/li>\n<li>Datenmodellierung und Sicherstellung der Datenqualit\u00e4t<\/li>\n<li>Schnittstellenoptimierung zwischen ERP-, und BI-Systemen<\/li>\n<li>Selbstst\u00e4ndige Ableitung von Optimierungspotentialen und deren innerbetriebliche Umsetzung<\/li>\n<\/ul>\n<p>Projektleitung<\/p>\n<ul>\n<li>Konzeption und Umsetzung unternehmensweiter Verbesserungsprojekte<\/li>\n<li>Erstellung der zugeh\u00f6rigen Projekt Management Dokumente und Steuerungstools<\/li>\n<li>Projektleitung und Steuerung aller involvierten Parteien mit entsprechender Entscheidungskompetenz<\/li>\n<\/ul>\n<p>Prozessoptimierung &amp; Digitalisierung<\/p>\n<ul>\n<li>Analyse und Optimierung betriebswirtschaftlicher Prozesse<\/li>\n<li>Implementierung digitaler L\u00f6sungen f\u00fcr Controlling und Reporting, inkl. Produktion, Einkauf und \u00fcbergreifender Prozesse<\/li>\n<li>Enge Zusammenarbeit mit der IT-Abteilung zur Integration neuer Tools<\/li>\n<\/ul>\n<p><strong><\/strong><\/p>\n<p><strong>Sie \u00fcberzeugen uns mit dem folgenden Profil<\/strong><\/p>\n<p>Fachlich:<\/p>\n<ul>\n<li>Abgeschlossenes Studium im Bereich Betriebswirtschaft, Controlling, Wirtschaftsinformatik oder vergleichbar<\/li>\n<li>Mehrj\u00e4hrige Erfahrung im Controlling und sicherer Umgang mit Finanzkennzahlen<\/li>\n<li>Sehr gute Kenntnisse in BI-Tools, ERP-Systemen und Datenanalyse<\/li>\n<li>Hohe IT-Affinit\u00e4t und Verst\u00e4ndnis f\u00fcr Datenbanken und Schnittstellen<\/li>\n<li>Erfahrung mit Prozessdigitalisierung und Automatisierung von Auswertungen<\/li>\n<\/ul>\n<p>Pers\u00f6nlich:<\/p>\n<ul>\n<li>Analytisches und strategisches Denkverm\u00f6gen<\/li>\n<li>Ausgepr\u00e4gte Kommunikations- und Pr\u00e4sentationsf\u00e4higkeiten<\/li>\n<li>Selbstst\u00e4ndige, strukturierte und ergebnisorientierte Arbeitsweise<\/li>\n<li>Hohe Zahlenaffinit\u00e4t und Genauigkeit<\/li>\n<\/ul>\n<p><strong><\/strong><\/p>\n<p><strong>Wir bieten Ihnen<\/strong><\/p>\n<ul>\n<li>Schl\u00fcsselrolle an der Schnittstelle zwischen Controlling, IT und Gesch\u00e4ftsf\u00fchrung<\/li>\n<li>Vielf\u00e4ltige Aufgaben mit gro\u00dfem Gestaltungsspielraum<\/li>\n<li>Moderne Arbeitsumgebung und innovative BI-L\u00f6sungen<\/li>\n<li>Weiterbildungsm\u00f6glichkeiten im Bereich BI, Data Analytics und Prozessdigitalisierung<\/li>\n<li>Attraktives Gehaltspaket und flexible Arbeitszeiten<\/li>\n<li>Vielf\u00e4ltige Aufstiegsm\u00f6glichkeiten z.B. in die kaufm\u00e4nnische Leitungsfunktion<\/li>\n<\/ul>\n<p>[\/et_pb_accordion_item][et_pb_accordion_item title=&#8220;Elektroniker Betriebs- oder Anlagentechnik (m\/w\/d)&#8220; _builder_version=&#8220;4.25.1&#8243; _module_preset=&#8220;default&#8220; background_color=&#8220;RGBA(0,0,0,0)&#8220; background_enable_color=&#8220;on&#8220; custom_margin=&#8220;0px||0px||true|false&#8220; custom_padding=&#8220;|0px||0px|false|true&#8220; border_width_all=&#8220;0px&#8220; border_width_top=&#8220;1px&#8220; border_color_top=&#8220;#727D81&#8243; border_width_bottom=&#8220;1px&#8220; border_color_bottom=&#8220;#727D81&#8243; global_colors_info=&#8220;{}&#8220; open=&#8220;off&#8220;]<\/p>\n<p><strong>Ihre Aufgaben<\/strong><\/p>\n<ul>\n<li>Wartung &amp; Instandhaltung<\/li>\n<li>Entwicklung &amp; Konstruktion<\/li>\n<li>Anlagen Auf\/Umbau<\/li>\n<\/ul>\n<p><strong>Sie \u00fcberzeugen uns mit dem folgenden Profil<\/strong><\/p>\n<ul>\n<li>abgeschlossene Ausbildung als Energieelektroniker<\/li>\n<li>Bereitschaft neues Wissen zu erschlie\u00dfen<\/li>\n<li>Selbstst\u00e4ndige und eigenverantwortliche Arbeitsweise<\/li>\n<li>Gutes Deutsch in Wort und Schrift<\/li>\n<\/ul>\n<p>[\/et_pb_accordion_item][et_pb_accordion_item title=&#8220;Industriemechaniker Betriebs- oder Anlagentechnik (m\/w\/d)&#8220; _builder_version=&#8220;4.25.1&#8243; _module_preset=&#8220;default&#8220; background_color=&#8220;RGBA(0,0,0,0)&#8220; background_enable_color=&#8220;on&#8220; custom_margin=&#8220;0px||0px||true|false&#8220; custom_padding=&#8220;|0px||0px|false|true&#8220; border_width_all=&#8220;0px&#8220; border_width_top=&#8220;1px&#8220; border_color_top=&#8220;#727D81&#8243; border_width_bottom=&#8220;1px&#8220; border_color_bottom=&#8220;#727D81&#8243; global_colors_info=&#8220;{}&#8220; open=&#8220;off&#8220;]<\/p>\n<p><strong>Ihre Aufgaben<\/strong><\/p>\n<ul>\n<li>Wartung &amp; Instandhaltung<\/li>\n<li>Entwicklung &amp; Konstruktion<\/li>\n<li>Anlagen Auf\/Umbau<\/li>\n<\/ul>\n<p><strong>Sie \u00fcberzeugen uns mit dem folgenden Profil<\/strong><\/p>\n<ul>\n<li>abgeschlossene Ausbildung als Industriemechaniker<\/li>\n<li>Bereitschaft neues Wissen zu erschlie\u00dfen<\/li>\n<li>Selbstst\u00e4ndige und eigenverantwortliche Arbeitsweise<\/li>\n<li>Gutes Deutsch in Wort und Schrift<\/li>\n<\/ul>\n<p>[\/et_pb_accordion_item][et_pb_accordion_item title=&#8220;Maschinen- und Anlagenf\u00fchrer (m\/w\/d)&#8220; _builder_version=&#8220;4.25.1&#8243; _module_preset=&#8220;default&#8220; background_color=&#8220;RGBA(0,0,0,0)&#8220; background_enable_color=&#8220;on&#8220; custom_margin=&#8220;0px||0px||true|false&#8220; custom_padding=&#8220;|0px||0px|false|true&#8220; border_width_all=&#8220;0px&#8220; border_width_top=&#8220;1px&#8220; border_color_top=&#8220;#727D81&#8243; border_width_bottom=&#8220;1px&#8220; border_color_bottom=&#8220;#727D81&#8243; global_colors_info=&#8220;{}&#8220; open=&#8220;off&#8220;]<\/p>\n<p><strong>Ihre Aufgaben<\/strong><\/p>\n<ul>\n<li>Bedienung und \u00dcberwachung der Produktionsmaschinen<\/li>\n<li>Qualit\u00e4tspr\u00fcfung und Dokumentation<\/li>\n<li>Weiterentwicklung der Produktionsprozess<\/li>\n<\/ul>\n<p><strong>Sie \u00fcberzeugen uns mit dem folgenden Profil<\/strong><\/p>\n<ul>\n<li>Eine Ausbildung als Maschinen- und Anlagenf\u00fchrer, oder eine vergleichbare Qualifikation<\/li>\n<li>Flexibilit\u00e4t und Teamf\u00e4higkeit<\/li>\n<li>Schnelle Auffassungsgabe, Kommunikationsf\u00e4higkeit, ein hohes Ma\u00df an selbstorganisation und Teamf\u00e4higkeit<\/li>\n<\/ul>\n<p>[\/et_pb_accordion_item][\/et_pb_accordion][\/et_pb_column][\/et_pb_row][et_pb_row column_structure=&#8220;2_3,1_3&#8243; _builder_version=&#8220;4.16&#8243; _module_preset=&#8220;default&#8220; animation_style=&#8220;slide&#8220; animation_direction=&#8220;bottom&#8220; animation_duration=&#8220;1250ms&#8220; animation_delay=&#8220;250ms&#8220; animation_intensity_slide=&#8220;20%&#8220; global_colors_info=&#8220;{}&#8220;][et_pb_column type=&#8220;2_3&#8243; _builder_version=&#8220;4.16&#8243; _module_preset=&#8220;default&#8220; global_colors_info=&#8220;{}&#8220;][et_pb_text _builder_version=&#8220;4.24.3&#8243; _module_preset=&#8220;default&#8220; text_font_size=&#8220;16px&#8220; animation_direction=&#8220;bottom&#8220; global_colors_info=&#8220;{}&#8220;]<\/p>\n<p><strong>Bitte schicken Sie Ihre Bewerbungsunterlagen postalisch oder digital an:<\/strong><\/p>\n<p>K.L. Kaschier- und Laminier GmbH<br \/>z.H. Frau Rolfes<br \/>Kopenhagener Str. 3<br \/>48455 Bad Bentheim-Gildehaus<\/p>\n<p>Eine digitale Einreichung ist \u00fcber die folgende E-Mail-Adresse m\u00f6glich: <a href=\"mailto:bewerbung@kaschier.de\">Bewerbung<\/a>.<\/p>\n<p>&nbsp;<\/p>\n<h2>Wir freuen uns auf Ihre Bewerbung!<\/h2>\n<p>[\/et_pb_text][\/et_pb_column][et_pb_column type=&#8220;1_3&#8243; _builder_version=&#8220;4.16&#8243; _module_preset=&#8220;default&#8220; global_colors_info=&#8220;{}&#8220;][et_pb_image src=&#8220;https:\/\/www.kaschier.de\/wp-content\/uploads\/2025\/07\/N_Bank-Veroeffentlichung-HP.png&#8220; title_text=&#8220;Europa f\u00fcr Niedersachsen &#8211; \u00dcbernahme eines Auszubildenden als Industriekauffrau&#8220; show_in_lightbox=&#8220;on&#8220; _builder_version=&#8220;4.27.4&#8243; _module_preset=&#8220;default&#8220; global_colors_info=&#8220;{}&#8220;][\/et_pb_image][\/et_pb_column][\/et_pb_row][\/et_pb_section]<\/p>\n","protected":false},"excerpt":{"rendered":"<p>Ihre Karriere bei K.L.Als Entwicklungspartner und Anbieter f\u00fcr L\u00f6sungen im Bereich der technischen Textilien sind wir best\u00e4ndig bestrebt neue Mitarbeiter f\u00fcr unser Unternehmen zu gewinnen. Wenn Sie Interesse haben an Projekten mit unterschiedlichsten Anforderungen und st\u00e4ndig wechselnden Anwendungsfeldern mit zu arbeiten, dann schicken Sie uns gerne Ihre Bewerbungsunterlagen an Personalwesen. Wir sind st\u00e4ndig auf der [&hellip;]<\/p>\n","protected":false},"author":1,"featured_media":0,"parent":0,"menu_order":0,"comment_status":"closed","ping_status":"closed","template":"","meta":{"_et_pb_use_builder":"on","_et_pb_old_content":"","_et_gb_content_width":"","footnotes":""},"class_list":["post-373","page","type-page","status-publish","hentry"],"_links":{"self":[{"href":"https:\/\/www.kaschier.de\/en\/wp-json\/wp\/v2\/pages\/373","targetHints":{"allow":["GET"]}}],"collection":[{"href":"https:\/\/www.kaschier.de\/en\/wp-json\/wp\/v2\/pages"}],"about":[{"href":"https:\/\/www.kaschier.de\/en\/wp-json\/wp\/v2\/types\/page"}],"author":[{"embeddable":true,"href":"https:\/\/www.kaschier.de\/en\/wp-json\/wp\/v2\/users\/1"}],"replies":[{"embeddable":true,"href":"https:\/\/www.kaschier.de\/en\/wp-json\/wp\/v2\/comments?post=373"}],"version-history":[{"count":53,"href":"https:\/\/www.kaschier.de\/en\/wp-json\/wp\/v2\/pages\/373\/revisions"}],"predecessor-version":[{"id":1269,"href":"https:\/\/www.kaschier.de\/en\/wp-json\/wp\/v2\/pages\/373\/revisions\/1269"}],"wp:attachment":[{"href":"https:\/\/www.kaschier.de\/en\/wp-json\/wp\/v2\/media?parent=373"}],"curies":[{"name":"wp","href":"https:\/\/api.w.org\/{rel}","templated":true}]}}