{"id":49,"date":"2021-07-08T13:12:46","date_gmt":"2021-07-08T11:12:46","guid":{"rendered":"http:\/\/kl.maerz-kommunikation.de\/?page_id=49"},"modified":"2024-11-11T12:34:43","modified_gmt":"2024-11-11T11:34:43","slug":"industrie","status":"publish","type":"page","link":"https:\/\/www.kaschier.de\/de\/industrie\/","title":{"rendered":"INDUSTRIE"},"content":{"rendered":"<p>[et_pb_section fb_built=&#8220;1&#8243; fullwidth=&#8220;on&#8220; _builder_version=&#8220;4.16&#8243; _module_preset=&#8220;default&#8220; global_colors_info=&#8220;{}&#8220;][et_pb_fullwidth_slider show_arrows=&#8220;off&#8220; show_pagination=&#8220;off&#8220; use_bg_overlay=&#8220;on&#8220; bg_overlay_color=&#8220;rgba(114,125,129,0.4)&#8220; use_text_overlay=&#8220;off&#8220; _builder_version=&#8220;4.25.1&#8243; _module_preset=&#8220;default&#8220; custom_button=&#8220;on&#8220; button_text_size=&#8220;28px&#8220; button_border_width=&#8220;0px&#8220; button_border_color=&#8220;RGBA(0,0,0,0)&#8220; button_border_radius=&#8220;0px&#8220; button_font=&#8220;|600|||||||&#8220; button_icon=&#8220;%%36%%&#8220; button_icon_color=&#8220;#A21F36&#8243; button_icon_placement=&#8220;left&#8220; button_on_hover=&#8220;off&#8220; button_alignment=&#8220;right&#8220; button_custom_margin=&#8220;|0px|||false|false&#8220; button_custom_padding=&#8220;|0px|||false|false&#8220; height=&#8220;640px&#8220; height_tablet=&#8220;360px&#8220; height_phone=&#8220;225px&#8220; height_last_edited=&#8220;on|tablet&#8220; custom_margin=&#8220;||||false|false&#8220; custom_padding=&#8220;||||false|false&#8220; border_style_all_image=&#8220;none&#8220; global_colors_info=&#8220;{}&#8220;][et_pb_slide heading=&#8220;Leistungsstarke Werkstoffe, wirtschaftlich und nachhaltig&#8220; use_bg_overlay=&#8220;off&#8220; use_text_overlay=&#8220;on&#8220; text_overlay_color=&#8220;rgba(162,31,54,0.7)&#8220; _builder_version=&#8220;4.25.1&#8243; _module_preset=&#8220;default&#8220; header_level=&#8220;h1&#8243; header_font=&#8220;|600|||||||&#8220; header_font_size=&#8220;48px&#8220; body_font=&#8220;||||||||&#8220; body_text_align=&#8220;right&#8220; body_font_size=&#8220;72px&#8220; body_line_height=&#8220;1.1em&#8220; background_color=&#8220;RGBA(0,0,0,0)&#8220; background_enable_color=&#8220;on&#8220; background_image=&#8220;https:\/\/www.kaschier.de\/wp-content\/uploads\/2024\/05\/header_industrie.jpg&#8220; background_enable_image=&#8220;on&#8220; text_orientation=&#8220;right&#8220; width=&#8220;100%&#8220; width_tablet=&#8220;100%&#8220; width_phone=&#8220;100%&#8220; width_last_edited=&#8220;on|desktop&#8220; max_width=&#8220;100%&#8220; custom_padding=&#8220;25%|10%||40%|false|false&#8220; custom_padding_tablet=&#8220;25%|0px||30%|false|false&#8220; custom_padding_phone=&#8220;35%|0%||0%|false|true&#8220; custom_padding_last_edited=&#8220;on|desktop&#8220; header_font_size_tablet=&#8220;32px&#8220; header_font_size_phone=&#8220;24px&#8220; header_font_size_last_edited=&#8220;on|desktop&#8220; global_colors_info=&#8220;{}&#8220; sticky_transition=&#8220;on&#8220;][\/et_pb_slide][\/et_pb_fullwidth_slider][\/et_pb_section][et_pb_section fb_built=&#8220;1&#8243; _builder_version=&#8220;4.16&#8243; _module_preset=&#8220;default&#8220; global_colors_info=&#8220;{}&#8220;][et_pb_row _builder_version=&#8220;4.16&#8243; _module_preset=&#8220;default&#8220; animation_style=&#8220;slide&#8220; animation_direction=&#8220;bottom&#8220; animation_duration=&#8220;1250ms&#8220; animation_intensity_slide=&#8220;20%&#8220; global_colors_info=&#8220;{}&#8220;][et_pb_column type=&#8220;4_4&#8243; _builder_version=&#8220;4.16&#8243; _module_preset=&#8220;default&#8220; global_colors_info=&#8220;{}&#8220;][et_pb_text _builder_version=&#8220;4.16&#8243; _module_preset=&#8220;default&#8220; header_text_color=&#8220;#727D81&#8243; global_colors_info=&#8220;{}&#8220;]<\/p>\n<h1>K.L. \u2013 Innovationskraft und Leistungsf\u00e4higkeit technischer Textilien<\/h1>\n<p>[\/et_pb_text][et_pb_text _builder_version=&#8220;4.16&#8243; _module_preset=&#8220;default&#8220; global_colors_info=&#8220;{}&#8220;]<\/p>\n<p class=\"p1\">Die Vielfalt und Leistungsf\u00e4higkeit technischer Textilien, Kunst- und Klebstoffe ist beinahe unbegrenzt. Unsere Produkt-Ingenieure haben insofern den Anspruch, die M\u00f6glichkeiten zu erkennen, die kaschierten und laminierten Materialien f\u00fcr Ihre Problemstellung bieten und dabei nach M\u00f6glichkeit auf bestehende Standards aus unserer jahrelangen Erfahrung zur\u00fcckzugreifen. Denn leistungsstarke Werkstoffe m\u00fcssen auch wirtschaftlich sein.<\/p>\n<p class=\"p1\">Die K.L. und ihre Mitarbeiter verstehen sich als textiler Probleml\u00f6ser und Voll-Service-Partner. Ausgehend von einem profunden Verst\u00e4ndnis der technischen und wirtschaftlichen Anforderungen, \u00fcbernehmen wir die Entwicklungs- und Produktionsverantwortung \u00fcber alle erforderlichen Wertsch\u00f6pfungsstufen f\u00fcr unsere Kunden.<\/p>\n<p class=\"p1\">Dabei ver\u00e4u\u00dfern und verarbeiten wir je nach Bedarf K.L. Produkte, Halbzeuge alternativer Hersteller und innovativer Partner oder beigestellte Kundenartikel auf eigene Rechnung oder im Lohn.<\/p>\n<p>[\/et_pb_text][\/et_pb_column][\/et_pb_row][et_pb_row _builder_version=&#8220;4.16&#8243; _module_preset=&#8220;default&#8220; custom_margin=&#8220;||||true|false&#8220; custom_padding=&#8220;0px||0px||true|false&#8220; global_colors_info=&#8220;{}&#8220;][et_pb_column type=&#8220;4_4&#8243; _builder_version=&#8220;4.16&#8243; _module_preset=&#8220;default&#8220; global_colors_info=&#8220;{}&#8220;][et_pb_divider color=&#8220;#727D81&#8243; divider_position=&#8220;center&#8220; _builder_version=&#8220;4.16&#8243; _module_preset=&#8220;default&#8220; global_colors_info=&#8220;{}&#8220;][\/et_pb_divider][\/et_pb_column][\/et_pb_row][et_pb_row _builder_version=&#8220;4.16&#8243; _module_preset=&#8220;default&#8220; custom_padding=&#8220;||0px|||&#8220; animation_style=&#8220;slide&#8220; animation_direction=&#8220;bottom&#8220; animation_duration=&#8220;1250ms&#8220; animation_delay=&#8220;250ms&#8220; animation_intensity_slide=&#8220;20%&#8220; global_colors_info=&#8220;{}&#8220;][et_pb_column type=&#8220;4_4&#8243; _builder_version=&#8220;4.16&#8243; _module_preset=&#8220;default&#8220; global_colors_info=&#8220;{}&#8220;][et_pb_text _builder_version=&#8220;4.16&#8243; _module_preset=&#8220;default&#8220; global_colors_info=&#8220;{}&#8220;]<\/p>\n<h2 class=\"p1\">Unser Know-how f\u00fcr Ihren Werkstoff<\/h2>\n<p>[\/et_pb_text][\/et_pb_column][\/et_pb_row][et_pb_row column_structure=&#8220;2_5,3_5&#8243; _builder_version=&#8220;4.16&#8243; _module_preset=&#8220;default&#8220; custom_padding=&#8220;||29px||false|false&#8220; animation_style=&#8220;slide&#8220; animation_direction=&#8220;bottom&#8220; animation_duration=&#8220;1250ms&#8220; animation_delay=&#8220;250ms&#8220; animation_intensity_slide=&#8220;20%&#8220; global_colors_info=&#8220;{}&#8220;][et_pb_column type=&#8220;2_5&#8243; _builder_version=&#8220;4.16&#8243; _module_preset=&#8220;default&#8220; global_colors_info=&#8220;{}&#8220;][et_pb_text _builder_version=&#8220;4.24.3&#8243; _module_preset=&#8220;default&#8220; text_font_size=&#8220;16px&#8220; global_colors_info=&#8220;{}&#8220;]<\/p>\n<p>Die K.L. verf\u00fcgt \u00fcber modernste Thermokaschier- und Beschichtungsanlagen mit einer j\u00e4hrlichen Produktionskapazit\u00e4t von mehr als 90 Millionen m\u00b2. Auf diesem Maschinenpark produzieren wir sowohl offene Beschichtungen, als auch einfach und mehrfach Verbundwerkstoffe, egal ob als Rollenware oder Platte. Verarbeitet werden k\u00f6nnen dabei Materialien mit einer Warenbreite von bis zu 3200 mm. Dar\u00fcber hinaus hat K.L. die M\u00f6glichkeit die unterschiedlichsten Materialien mit hoher Genauigkeit auf unseren Umwickelschneidanlagen zu schneiden oder diese zu perforieren.<\/p>\n<p>Auf den nachgelagerten Wertsch\u00f6pfungsstufen bieten wir Ihnen gerne weitere Veredlungsschritte wie das Cuttern oder Stanzen von Einzelteilen, die Konfektionierung von Kurzmetragen und Einzelteilen, das Schneiden von Schmalrollen oder weitere Oberfl\u00e4chenbehandlungen wie Perforationen oder Bedruckungen an.<\/p>\n<p>[\/et_pb_text][\/et_pb_column][et_pb_column type=&#8220;3_5&#8243; _builder_version=&#8220;4.16&#8243; _module_preset=&#8220;default&#8220; global_colors_info=&#8220;{}&#8220;][et_pb_image src=&#8220;https:\/\/www.kaschier.de\/wp-content\/uploads\/2024\/05\/industrie_03.jpg&#8220; title_text=&#8220;industrie_03&#8243; _builder_version=&#8220;4.25.0&#8243; _module_preset=&#8220;default&#8220; global_colors_info=&#8220;{}&#8220;][\/et_pb_image][\/et_pb_column][\/et_pb_row][et_pb_row _builder_version=&#8220;4.16&#8243; _module_preset=&#8220;default&#8220; custom_margin=&#8220;||||true|false&#8220; custom_padding=&#8220;0px||0px||true|false&#8220; global_colors_info=&#8220;{}&#8220;][et_pb_column type=&#8220;4_4&#8243; _builder_version=&#8220;4.16&#8243; _module_preset=&#8220;default&#8220; global_colors_info=&#8220;{}&#8220;][et_pb_divider color=&#8220;#727D81&#8243; divider_position=&#8220;center&#8220; _builder_version=&#8220;4.16&#8243; _module_preset=&#8220;default&#8220; global_colors_info=&#8220;{}&#8220;][\/et_pb_divider][\/et_pb_column][\/et_pb_row][et_pb_row _builder_version=&#8220;4.16&#8243; _module_preset=&#8220;default&#8220; custom_padding=&#8220;||0px|||&#8220; animation_style=&#8220;slide&#8220; animation_direction=&#8220;bottom&#8220; animation_duration=&#8220;1250ms&#8220; animation_delay=&#8220;250ms&#8220; animation_intensity_slide=&#8220;20%&#8220; global_colors_info=&#8220;{}&#8220;][et_pb_column type=&#8220;4_4&#8243; _builder_version=&#8220;4.16&#8243; _module_preset=&#8220;default&#8220; global_colors_info=&#8220;{}&#8220;][et_pb_text _builder_version=&#8220;4.16&#8243; _module_preset=&#8220;default&#8220; global_colors_info=&#8220;{}&#8220;]<\/p>\n<h2 class=\"p1\">Mit fast unbegrenzter Bandbreite an Materialien zu Ihrem Wunschverbund<\/h2>\n<p>[\/et_pb_text][\/et_pb_column][\/et_pb_row][et_pb_row column_structure=&#8220;2_5,3_5&#8243; _builder_version=&#8220;4.16&#8243; _module_preset=&#8220;default&#8220; custom_padding=&#8220;||29px||false|false&#8220; animation_style=&#8220;slide&#8220; animation_direction=&#8220;bottom&#8220; animation_duration=&#8220;1250ms&#8220; animation_delay=&#8220;250ms&#8220; animation_intensity_slide=&#8220;20%&#8220; global_colors_info=&#8220;{}&#8220;][et_pb_column type=&#8220;2_5&#8243; _builder_version=&#8220;4.16&#8243; _module_preset=&#8220;default&#8220; global_colors_info=&#8220;{}&#8220;][et_pb_image src=&#8220;https:\/\/www.kaschier.de\/wp-content\/uploads\/2024\/07\/industrie_04_hoch.jpg&#8220; title_text=&#8220;industrie_04_hoch&#8220; _builder_version=&#8220;4.25.1&#8243; _module_preset=&#8220;default&#8220; global_colors_info=&#8220;{}&#8220;][\/et_pb_image][\/et_pb_column][et_pb_column type=&#8220;3_5&#8243; _builder_version=&#8220;4.16&#8243; _module_preset=&#8220;default&#8220; global_colors_info=&#8220;{}&#8220;][et_pb_text _builder_version=&#8220;4.24.3&#8243; _module_preset=&#8220;default&#8220; text_font_size=&#8220;16px&#8220; global_colors_info=&#8220;{}&#8220;]<\/p>\n<p>F\u00fcr die Herstellung hochwertiger Produkte stellen wir anwendungsbezogene L\u00f6sungen aus unterschiedlichsten Materialien her. Unter Anwendung geeigneter Klebstoffe und Hotmelts entstehen aus feinsten, 6 \u00b5m starken Alu-Folien bis hin zu 1,2 cm starken und 2 kg\/m\u00b2 schweren Membranen, Linoleumb\u00f6den oder Sportbodenbel\u00e4gen Produkte, die h\u00f6chsten Anspr\u00fcchen gen\u00fcgen.<\/p>\n<p>Die K.L. verarbeitet Schmelzklebstoffe von 5-1.000 g\/m\u00b2, diverse Bitumen- und Butylmassen bis zu 1.000 g\/m\u00b2, thermoplastische Pulver, Klebewebs und Klebefilme. Die Klebstoffe werden vollfl\u00e4chig, atmungsaktiv oder als Klebestreifen angebracht.<\/p>\n<p>In unserer eigenen Laboranlage entwickeln wir bis zu einer Musterbreite von 45 cm entsprechend Ihrer Vorgaben und Anforderungen passgenaue L\u00f6sungen. Unsere anwendungsbezogene Entwicklung kombiniert mit eigenem Maschinenbau erm\u00f6glicht es uns von selbstklebenden Membranen bis hin zu faserverst\u00e4rkte Kompositmaterialien in Multimaterialbauweise herzustellen. Auch in diesem Gesch\u00e4ftsbereich sind verschiedene Materialkombinationen denkbar wie beispielsweise Polypropylen-Glas-Tapes mit Vliesstoffkernen.<\/p>\n<p>[\/et_pb_text][\/et_pb_column][\/et_pb_row][et_pb_row _builder_version=&#8220;4.16&#8243; _module_preset=&#8220;default&#8220; custom_margin=&#8220;||||true|false&#8220; custom_padding=&#8220;0px||0px||true|false&#8220; global_colors_info=&#8220;{}&#8220;][et_pb_column type=&#8220;4_4&#8243; _builder_version=&#8220;4.16&#8243; _module_preset=&#8220;default&#8220; global_colors_info=&#8220;{}&#8220;][et_pb_divider color=&#8220;#727D81&#8243; divider_position=&#8220;center&#8220; _builder_version=&#8220;4.16&#8243; _module_preset=&#8220;default&#8220; global_colors_info=&#8220;{}&#8220;][\/et_pb_divider][\/et_pb_column][\/et_pb_row][et_pb_row _builder_version=&#8220;4.16&#8243; _module_preset=&#8220;default&#8220; custom_padding=&#8220;||0px||false|false&#8220; animation_style=&#8220;slide&#8220; animation_direction=&#8220;bottom&#8220; animation_duration=&#8220;1250ms&#8220; animation_delay=&#8220;200ms&#8220; animation_intensity_slide=&#8220;20%&#8220; global_colors_info=&#8220;{}&#8220;][et_pb_column type=&#8220;4_4&#8243; _builder_version=&#8220;4.16&#8243; _module_preset=&#8220;default&#8220; global_colors_info=&#8220;{}&#8220;][et_pb_text _builder_version=&#8220;4.25.1&#8243; _module_preset=&#8220;default&#8220; global_colors_info=&#8220;{}&#8220;]<\/p>\n<h2 class=\"p1\">Ihre Ansprechpartner im Industrial Engineering<\/h2>\n<p>[\/et_pb_text][\/et_pb_column][\/et_pb_row][et_pb_row column_structure=&#8220;1_5,1_5,1_5,1_5,1_5&#8243; use_custom_gutter=&#8220;on&#8220; gutter_width=&#8220;1&#8243; _builder_version=&#8220;4.25.1&#8243; _module_preset=&#8220;default&#8220; module_alignment=&#8220;center&#8220; custom_margin=&#8220;|||||true&#8220; animation_style=&#8220;slide&#8220; animation_direction=&#8220;bottom&#8220; animation_duration=&#8220;1150ms&#8220; animation_delay=&#8220;250ms&#8220; animation_intensity_slide=&#8220;19%&#8220; global_colors_info=&#8220;{}&#8220;][et_pb_column type=&#8220;1_5&#8243; _builder_version=&#8220;4.16&#8243; _module_preset=&#8220;default&#8220; global_colors_info=&#8220;{}&#8220;][et_pb_text _builder_version=&#8220;4.27.0&#8243; _module_preset=&#8220;default&#8220; text_font_size=&#8220;16px&#8220; width=&#8220;100%&#8220; custom_margin=&#8220;|0px||0px|false|true&#8220; custom_padding=&#8220;|0px||0px|false|true&#8220; global_colors_info=&#8220;{}&#8220;]<\/p>\n<p class=\"p1\"><strong>Jaap Roosenbeek<\/strong><br \/>(Bereichsleitung Industrie)<\/p>\n<p class=\"p1\">Tel.:\u00a0\u00a0\u00a0\u00a0 +49(0)5924-29937-0<br \/>Mobil:\u00a0 +49(0)172-677-17-91<br \/>eMail:\u00a0 <a href=\"mailto:roosenbeek@kaschier.de\">roosenbeek@kaschier.de<\/a><\/p>\n<p>[\/et_pb_text][\/et_pb_column][et_pb_column type=&#8220;1_5&#8243; _builder_version=&#8220;4.16&#8243; _module_preset=&#8220;default&#8220; global_colors_info=&#8220;{}&#8220;][et_pb_text _builder_version=&#8220;4.27.0&#8243; _module_preset=&#8220;default&#8220; text_font_size=&#8220;16px&#8220; width=&#8220;100%&#8220; custom_margin=&#8220;|0px||0px|false|true&#8220; custom_padding=&#8220;|0px||0px|false|true&#8220; global_colors_info=&#8220;{}&#8220;]<\/p>\n<p class=\"p1\"><strong>Konstantin Wevering<\/strong><br \/>(Produktmanager)<\/p>\n<p class=\"p1\">Tel.:\u00a0\u00a0\u00a0\u00a0 +49(0)5924-29937-19<br \/>Mobil:\u00a0 +49(0)172-28-21-138<br \/>eMail:\u00a0 <a href=\"mailto:wevering@kaschier.de\">wevering@kaschier.de<\/a><\/p>\n<p>[\/et_pb_text][\/et_pb_column][et_pb_column type=&#8220;1_5&#8243; _builder_version=&#8220;4.16&#8243; _module_preset=&#8220;default&#8220; global_colors_info=&#8220;{}&#8220;][et_pb_text _builder_version=&#8220;4.27.0&#8243; _module_preset=&#8220;default&#8220; text_font_size=&#8220;16px&#8220; width=&#8220;100%&#8220; custom_margin=&#8220;|0px||0px|false|true&#8220; custom_padding=&#8220;|0px||0px|false|true&#8220; global_colors_info=&#8220;{}&#8220;]<\/p>\n<p class=\"p1\"><strong>Sven Jansen<\/strong><br \/>(Produktmanager)<\/p>\n<p class=\"p1\">Tel.:\u00a0\u00a0\u00a0\u00a0 +49(0)5924-29-937-50<br \/>Mobil:\u00a0 +49(0)173-617-35-73<br \/>eMail:\u00a0 <a href=\"mailto:jansen@kaschier.de\">jansen@kaschier.de<\/a><\/p>\n<p>[\/et_pb_text][\/et_pb_column][et_pb_column type=&#8220;1_5&#8243; _builder_version=&#8220;4.16&#8243; _module_preset=&#8220;default&#8220; global_colors_info=&#8220;{}&#8220;][et_pb_text _builder_version=&#8220;4.27.0&#8243; _module_preset=&#8220;default&#8220; text_font_size=&#8220;16px&#8220; width=&#8220;100%&#8220; custom_margin=&#8220;|0px||0px|false|true&#8220; custom_padding=&#8220;|0px||0px|false|true&#8220; global_colors_info=&#8220;{}&#8220;]<\/p>\n<p class=\"p1\"><strong>Raymond Damhuis<\/strong><br \/>(Produktmanager)<\/p>\n<p class=\"p1\">Tel.:\u00a0\u00a0\u00a0\u00a0 +49(0)5924-29-937-0<br \/>Mobil:\u00a0 +49(0)173-28-768-20<br \/>eMail:\u00a0 <a href=\"mailto:damhuis@kaschier.de\">damhuis@kaschier.de<\/a><\/p>\n<p>[\/et_pb_text][\/et_pb_column][et_pb_column _builder_version=&#8220;4.27.3&#8243; _module_preset=&#8220;default&#8220; type=&#8220;1_5&#8243;][et_pb_text _builder_version=&#8220;4.27.0&#8243; _module_preset=&#8220;default&#8220; text_font_size=&#8220;16px&#8220; width=&#8220;100%&#8220; custom_margin=&#8220;|0px||0px|false|true&#8220; custom_padding=&#8220;|0px||0px|false|true&#8220; global_colors_info=&#8220;{}&#8220;]<\/p>\n<p class=\"p1\"><strong>Bart Smit<\/strong><br \/>(Produktmanager)<\/p>\n<p class=\"p1\">Tel.:\u00a0\u00a0\u00a0\u00a0 +49(0)5924-29-937-115<br \/>Mobil:\u00a0 +49(0)173-21-605-49<br \/>eMail:\u00a0 <a href=\"mailto:smit@kaschier.de\">smit@kaschier.de<\/a><\/p>\n<p>[\/et_pb_text][\/et_pb_column][\/et_pb_row][\/et_pb_section][et_pb_section fb_built=&#8220;1&#8243; _builder_version=&#8220;4.16&#8243; _module_preset=&#8220;default&#8220; background_color=&#8220;rgba(114,125,129,0.27)&#8220; global_colors_info=&#8220;{}&#8220;][et_pb_row _builder_version=&#8220;4.16&#8243; _module_preset=&#8220;default&#8220; global_colors_info=&#8220;{}&#8220;][et_pb_column type=&#8220;4_4&#8243; _builder_version=&#8220;4.16&#8243; _module_preset=&#8220;default&#8220; global_colors_info=&#8220;{}&#8220;][et_pb_text _builder_version=&#8220;4.16&#8243; _module_preset=&#8220;default&#8220; text_text_color=&#8220;#A21F36&#8243; text_font_size=&#8220;48px&#8220; text_line_height=&#8220;1em&#8220; animation_style=&#8220;slide&#8220; animation_direction=&#8220;bottom&#8220; animation_duration=&#8220;1250ms&#8220; animation_delay=&#8220;250ms&#8220; animation_intensity_slide=&#8220;20%&#8220; global_colors_info=&#8220;{}&#8220;]<\/p>\n<p>\u00bb Innovationen brauchen Visionen und Erfahrung<\/p>\n<p>[\/et_pb_text][\/et_pb_column][\/et_pb_row][\/et_pb_section][et_pb_section fb_built=&#8220;1&#8243; _builder_version=&#8220;4.16&#8243; _module_preset=&#8220;default&#8220; global_colors_info=&#8220;{}&#8220;][et_pb_row _builder_version=&#8220;4.16&#8243; _module_preset=&#8220;default&#8220; custom_padding=&#8220;||0px||false|false&#8220; animation_style=&#8220;slide&#8220; animation_direction=&#8220;bottom&#8220; animation_duration=&#8220;1250ms&#8220; animation_delay=&#8220;250ms&#8220; animation_intensity_slide=&#8220;20%&#8220; global_colors_info=&#8220;{}&#8220;][et_pb_column type=&#8220;4_4&#8243; _builder_version=&#8220;4.16&#8243; _module_preset=&#8220;default&#8220; global_colors_info=&#8220;{}&#8220;][et_pb_text _builder_version=&#8220;4.16&#8243; _module_preset=&#8220;default&#8220; global_colors_info=&#8220;{}&#8220;]<\/p>\n<h2 class=\"p1\">In unserem eigenen Labor entwickeln wir innovative Produkte f\u00fcr Sie<\/h2>\n<p>[\/et_pb_text][\/et_pb_column][\/et_pb_row][et_pb_row column_structure=&#8220;2_5,3_5&#8243; _builder_version=&#8220;4.16&#8243; _module_preset=&#8220;default&#8220; animation_style=&#8220;slide&#8220; animation_direction=&#8220;bottom&#8220; animation_duration=&#8220;1250ms&#8220; animation_delay=&#8220;250ms&#8220; animation_intensity_slide=&#8220;20%&#8220; global_colors_info=&#8220;{}&#8220;][et_pb_column type=&#8220;2_5&#8243; _builder_version=&#8220;4.16&#8243; _module_preset=&#8220;default&#8220; global_colors_info=&#8220;{}&#8220;][et_pb_image src=&#8220;https:\/\/www.kaschier.de\/wp-content\/uploads\/2024\/05\/industrie_05.jpg&#8220; title_text=&#8220;industrie_05&#8243; _builder_version=&#8220;4.25.0&#8243; _module_preset=&#8220;default&#8220; animation_direction=&#8220;bottom&#8220; global_colors_info=&#8220;{}&#8220;][\/et_pb_image][\/et_pb_column][et_pb_column type=&#8220;3_5&#8243; _builder_version=&#8220;4.16&#8243; _module_preset=&#8220;default&#8220; global_colors_info=&#8220;{}&#8220;][et_pb_text _builder_version=&#8220;4.16&#8243; _module_preset=&#8220;default&#8220; text_font_size=&#8220;16px&#8220; animation_direction=&#8220;bottom&#8220; global_colors_info=&#8220;{}&#8220;]<\/p>\n<p>Die Vielfalt und Leistungsf\u00e4higkeit technischer Textilien, Kunst- und Klebstoffe ist beinahe unbegrenzt. Unsere Produkt-Ingenieure haben insofern den Anspruch, die M\u00f6glichkeiten zu erkennen, die kaschierte und laminierte Materialien f\u00fcr Ihre Problemstellung bieten und dabei nach M\u00f6glichkeit auf bestehende Standards aus unserer jahrelangen Erfahrung zur\u00fcck zu greifen. Um die anfallenden Entwicklungskosten zu minimieren, ist die K.L. in der Lage, alle Verbund-Werkstoffe im Laborma\u00dfstab auf einer 45 cm breiten Technikums-Anlage vorab zu simulieren.<\/p>\n<p>Damit sind wir in der Lage leistungsstarke Werkstoffe zu entwickeln, die sowohl Ihren technischen als auch wirtschaftlichen Anspr\u00fcchen voll gerecht werden.<\/p>\n<p>[\/et_pb_text][\/et_pb_column][\/et_pb_row][\/et_pb_section]<\/p>\n","protected":false},"excerpt":{"rendered":"<p>K.L. \u2013 Innovationskraft und Leistungsf\u00e4higkeit technischer TextilienDie Vielfalt und Leistungsf\u00e4higkeit technischer Textilien, Kunst- und Klebstoffe ist beinahe unbegrenzt. Unsere Produkt-Ingenieure haben insofern den Anspruch, die M\u00f6glichkeiten zu erkennen, die kaschierten und laminierten Materialien f\u00fcr Ihre Problemstellung bieten und dabei nach M\u00f6glichkeit auf bestehende Standards aus unserer jahrelangen Erfahrung zur\u00fcckzugreifen. Denn leistungsstarke Werkstoffe m\u00fcssen auch wirtschaftlich [&hellip;]<\/p>\n","protected":false},"author":1,"featured_media":0,"parent":0,"menu_order":0,"comment_status":"closed","ping_status":"closed","template":"","meta":{"_et_pb_use_builder":"on","_et_pb_old_content":"","_et_gb_content_width":"","footnotes":""},"class_list":["post-49","page","type-page","status-publish","hentry"],"_links":{"self":[{"href":"https:\/\/www.kaschier.de\/de\/wp-json\/wp\/v2\/pages\/49","targetHints":{"allow":["GET"]}}],"collection":[{"href":"https:\/\/www.kaschier.de\/de\/wp-json\/wp\/v2\/pages"}],"about":[{"href":"https:\/\/www.kaschier.de\/de\/wp-json\/wp\/v2\/types\/page"}],"author":[{"embeddable":true,"href":"https:\/\/www.kaschier.de\/de\/wp-json\/wp\/v2\/users\/1"}],"replies":[{"embeddable":true,"href":"https:\/\/www.kaschier.de\/de\/wp-json\/wp\/v2\/comments?post=49"}],"version-history":[{"count":80,"href":"https:\/\/www.kaschier.de\/de\/wp-json\/wp\/v2\/pages\/49\/revisions"}],"predecessor-version":[{"id":1207,"href":"https:\/\/www.kaschier.de\/de\/wp-json\/wp\/v2\/pages\/49\/revisions\/1207"}],"wp:attachment":[{"href":"https:\/\/www.kaschier.de\/de\/wp-json\/wp\/v2\/media?parent=49"}],"curies":[{"name":"wp","href":"https:\/\/api.w.org\/{rel}","templated":true}]}}