{"id":450,"date":"2024-04-19T12:27:27","date_gmt":"2024-04-19T10:27:27","guid":{"rendered":"http:\/\/kl.maerz-kommunikation.de\/?page_id=450"},"modified":"2024-08-28T13:08:08","modified_gmt":"2024-08-28T11:08:08","slug":"impressum","status":"publish","type":"page","link":"https:\/\/www.kaschier.de\/de\/impressum\/","title":{"rendered":"IMPRESSUM"},"content":{"rendered":"<p>[et_pb_section fb_built=&#8220;1&#8243; _builder_version=&#8220;4.24.3&#8243; _module_preset=&#8220;default&#8220; global_colors_info=&#8220;{}&#8220;][et_pb_row _builder_version=&#8220;4.24.3&#8243; _module_preset=&#8220;default&#8220; global_colors_info=&#8220;{}&#8220;][et_pb_column type=&#8220;4_4&#8243; _builder_version=&#8220;4.24.3&#8243; _module_preset=&#8220;default&#8220; global_colors_info=&#8220;{}&#8220;][et_pb_text _builder_version=&#8220;4.27.0&#8243; _module_preset=&#8220;default&#8220; global_colors_info=&#8220;{}&#8220;]<\/p>\n<h2>Impressum<\/h2>\n<p>Verantwortlich f\u00fcr den Inhalt dieser Webseite ist die:<strong><\/strong><\/p>\n<p><strong>K.L. Kaschier- und Laminier GmbH<\/strong><\/p>\n<p>Kopenhagener Stra\u00dfe 3<br \/>48455 Bad Bentheim<\/p>\n<p>Telefon +49 5924 29937-0<\/p>\n<p>E-Mail:<span id=\"cloak68812\"><a href=\"mailto:info@kaschier.de\"> info(at)kaschier.de<\/a><\/span><\/p>\n<p><strong>Vertretungsberechtigte Gesch\u00e4ftsf\u00fchrer:<\/strong><br \/>Dr. Rembert Schulze Wehninck, Elke Arnold, Georg Baldauf<\/p>\n<p><strong>Registergericht:<\/strong><br \/>Handelsregister Nr. HRB 205065<br \/>Amtsgericht Osnabr\u00fcck<\/p>\n<p><strong>Umsatzsteuer Identifikationsnummer gem\u00e4\u00df \u00a7 27a Umsatzsteuergesetz:<\/strong><br \/>DE 171471554<\/p>\n<p><strong>Urheberrechtshinweis:<\/strong><br \/>Alle Inhalte dieser Webseite unterliegen (wenn diese nicht ausdr\u00fccklich anders gekennzeichnet sind) dem Schutz des Urheberrechts der K.L. Kaschier- und Laminier GmbH und d\u00fcrfen ohne ausdr\u00fcckliche Genehmigung nicht kopiert oder verwendet werden.<\/p>\n<p><strong>Fotonachweis:<\/strong><br \/>Wir verwenden Fotos des Anbieters <a href=\"https:\/\/www.stock.adobe.com\/de\">Adobe Systems Software Ireland Limited<\/a>. Die folgenden Bilder sind auf unserer Webseite in Verwendung:<br \/>Bogdan Wankowicz, contrastwerkstatt, warloka79, WavebreakMediaMicro, WavebreakMediaMicro, auremar, Aleksei, v_sot, Mangostar, BillionPhotos.com, Olexandr, Memed \u00d6ZASLAN<\/p>\n<p>[\/et_pb_text][\/et_pb_column][\/et_pb_row][\/et_pb_section]<\/p>\n","protected":false},"excerpt":{"rendered":"<p>Impressum Verantwortlich f\u00fcr den Inhalt dieser Webseite ist die: K.L. Kaschier- und Laminier GmbH Kopenhagener Stra\u00dfe 348455 Bad Bentheim Telefon +49 5924 29937-0 E-Mail: info(at)kaschier.de Vertretungsberechtigte Gesch\u00e4ftsf\u00fchrer:Dr. Rembert Schulze Wehninck, Elke Arnold, Georg Baldauf Registergericht:Handelsregister Nr. HRB 205065Amtsgericht Osnabr\u00fcck Umsatzsteuer Identifikationsnummer gem\u00e4\u00df \u00a7 27a Umsatzsteuergesetz:DE 171471554 Urheberrechtshinweis:Alle Inhalte dieser Webseite unterliegen (wenn diese nicht ausdr\u00fccklich [&hellip;]<\/p>\n","protected":false},"author":1,"featured_media":0,"parent":0,"menu_order":0,"comment_status":"closed","ping_status":"closed","template":"","meta":{"_et_pb_use_builder":"on","_et_pb_old_content":"","_et_gb_content_width":"","footnotes":""},"class_list":["post-450","page","type-page","status-publish","hentry"],"_links":{"self":[{"href":"https:\/\/www.kaschier.de\/de\/wp-json\/wp\/v2\/pages\/450","targetHints":{"allow":["GET"]}}],"collection":[{"href":"https:\/\/www.kaschier.de\/de\/wp-json\/wp\/v2\/pages"}],"about":[{"href":"https:\/\/www.kaschier.de\/de\/wp-json\/wp\/v2\/types\/page"}],"author":[{"embeddable":true,"href":"https:\/\/www.kaschier.de\/de\/wp-json\/wp\/v2\/users\/1"}],"replies":[{"embeddable":true,"href":"https:\/\/www.kaschier.de\/de\/wp-json\/wp\/v2\/comments?post=450"}],"version-history":[{"count":10,"href":"https:\/\/www.kaschier.de\/de\/wp-json\/wp\/v2\/pages\/450\/revisions"}],"predecessor-version":[{"id":1138,"href":"https:\/\/www.kaschier.de\/de\/wp-json\/wp\/v2\/pages\/450\/revisions\/1138"}],"wp:attachment":[{"href":"https:\/\/www.kaschier.de\/de\/wp-json\/wp\/v2\/media?parent=450"}],"curies":[{"name":"wp","href":"https:\/\/api.w.org\/{rel}","templated":true}]}}